{"id":26281,"date":"2021-11-29T09:28:56","date_gmt":"2021-11-29T08:28:56","guid":{"rendered":"https:\/\/throdi.app\/?page_id=26281"},"modified":"2021-11-30T15:58:36","modified_gmt":"2021-11-30T14:58:36","slug":"kontakt-3","status":"publish","type":"page","link":"https:\/\/throdi.app\/de\/kontakt-3\/","title":{"rendered":"Kontakt"},"content":{"rendered":"\n<div class=\"wp-block-group alignwide has-background has-no-padding\" style=\"background-color:#edebe5\"><div class=\"wp-block-group__inner-container is-layout-flow wp-block-group-is-layout-flow\">\n<div style=\"height:60px\" aria-hidden=\"true\" class=\"wp-block-spacer\"><\/div>\n\n\n\n<p class=\"wp-block-paragraph\" style=\"font-size:28px\">W\u00fcnschen Sie ein Angebot, eine KOSTENLOSE DEMO oder eine Antwort auf Ihre Frage?<\/p>\n\n\n\n<div class=\"wp-block-columns alignwide is-layout-flex wp-container-core-columns-is-layout-8f761849 wp-block-columns-is-layout-flex\">\n<div class=\"wp-block-column is-layout-flow wp-block-column-is-layout-flow\" style=\"flex-basis:50%\">\n<p class=\"wp-block-paragraph\"><\/p>\n\n\n\n<h3 class=\"has-medium-font-size wp-block-heading\" id=\"throdi-sales-office\">Throdi Vertriebsb\u00fcro<\/h3>\n\n\n\n<p class=\"wp-block-paragraph\" style=\"font-size:20px\">Elizabetlaan 50<br\/>8300 Knokke-Heist, Belgien<\/p>\n\n\n\n<p class=\"wp-block-paragraph\" style=\"font-size:20px\"><a href=\"mailto:contact@example.com\" data-type=\"mailto\" data-id=\"mailto:contact@example.com\">info@thodi.app<\/a><br\/><\/p>\n\n\n\n<p class=\"wp-block-paragraph\">Wir legen Wert auf Ihre Privatsph\u00e4re, daher werden wir Ihre Daten sicher aufbewahren und diese nur verwenden, um Ihre Anfrage zu unterst\u00fctzen und sie dann zu l\u00f6schen. Bitte lesen Sie unsere <a href=\"https:\/\/gdprwise.eu\/privacy-policy-summary\/\">Datenschutzerkl\u00e4rung<\/a><\/p>\n<\/div>\n\n\n\n<div class=\"wp-block-column is-layout-flow wp-block-column-is-layout-flow\" style=\"flex-basis:50%\"><div class=\"wp-block-jetpack-contact-form is-layout-flex wp-container-jetpack-contact-form-is-layout-7f6ac06e wp-block-jetpack-contact-form-is-layout-flex\"><a href=\"https:\/\/throdi.app\/de\/kontakt-3\/\" target=\"_blank\" rel=\"noopener noreferrer\">Formular einreichen.<\/a><\/div><\/div>\n<\/div>\n\n\n\n<div style=\"height:60px\" aria-hidden=\"true\" class=\"wp-block-spacer\"><\/div>\n<\/div><\/div>\n\t\t\t<div \n\t\t\tclass=\"wp-block-uagb-google-map uagb-google-map__wrap uagb-block-e303beb4     \"\n\t\t\tstyle=\"\" >\n\t\t\t\t<embed\n\t\t\t\t\tclass=\"uagb-google-map__iframe\"\n\t\t\t\t\ttitle=\"Google Map for \"\n\t\t\t\t\tsrc=\"https:\/\/maps.google.com\/maps?q=Throdi&#038;z=12&#038;hl=en&#038;t=m&#038;output=embed&#038;iwloc=near\"\n\t\t\t\t\twidth=\"640\"\n\t\t\t\t\theight=\"300\"\n\t\t\t\t\tloading=\"lazy\"\n\t\t\t\t><\/embed>\n\t\t\t<\/div>\n\t\t\t","protected":false},"excerpt":{"rendered":"<p>W\u00fcnschen Sie ein Angebot, eine KOSTENLOSE DEMO oder eine Antwort auf Ihre Frage? Throdi Vertriebsb\u00fcro Elizabetlaan 508300 Knokke-Heist, Belgien info@thodi.app Wir legen Wert auf Ihre Privatsph\u00e4re, daher werden wir Ihre Daten sicher aufbewahren und diese nur verwenden, um Ihre Anfrage zu unterst\u00fctzen und sie dann zu l\u00f6schen. Bitte lesen Sie unsere Datenschutzerkl\u00e4rung<\/p>\n","protected":false},"author":1,"featured_media":0,"parent":0,"menu_order":0,"comment_status":"closed","ping_status":"closed","template":"","meta":{"_coblocks_attr":"","_coblocks_dimensions":"","_coblocks_responsive_height":"","_coblocks_accordion_ie_support":"","_crdt_document":"","_uag_custom_page_level_css":"","advanced_seo_description":"","jetpack_seo_html_title":"","jetpack_seo_noindex":false,"generate_page_header":"","footnotes":""},"class_list":["post-26281","page","type-page","status-publish"],"uagb_featured_image_src":{"full":false,"thumbnail":false,"medium":false,"medium_large":false,"large":false,"1536x1536":false,"2048x2048":false,"newspack-article-block-landscape-large":false,"newspack-article-block-portrait-large":false,"newspack-article-block-square-large":false,"newspack-article-block-landscape-medium":false,"newspack-article-block-portrait-medium":false,"newspack-article-block-square-medium":false,"newspack-article-block-landscape-intermediate":false,"newspack-article-block-portrait-intermediate":false,"newspack-article-block-square-intermediate":false,"newspack-article-block-landscape-small":false,"newspack-article-block-portrait-small":false,"newspack-article-block-square-small":false,"newspack-article-block-landscape-tiny":false,"newspack-article-block-portrait-tiny":false,"newspack-article-block-square-tiny":false,"newspack-article-block-uncropped":false,"awb_sm":false,"awb_md":false,"awb_lg":false,"awb_xl":false},"uagb_author_info":{"display_name":"Throdi app.","author_link":"https:\/\/throdi.app\/de\/author\/throdihotel1\/"},"uagb_comment_info":0,"uagb_excerpt":"W\u00fcnschen Sie ein Angebot, eine KOSTENLOSE DEMO oder eine Antwort auf Ihre Frage? Throdi Vertriebsb\u00fcro Elizabetlaan 508300 Knokke-Heist, Belgien info@thodi.app Wir legen Wert auf Ihre Privatsph\u00e4re, daher werden wir Ihre Daten sicher aufbewahren und diese nur verwenden, um Ihre Anfrage zu unterst\u00fctzen und sie dann zu l\u00f6schen. Bitte lesen Sie unsere Datenschutzerkl\u00e4rung","jetpack_sharing_enabled":true,"jetpack_shortlink":"https:\/\/wp.me\/P9oaIP-6PT","jetpack_likes_enabled":true,"amp_enabled":true,"_links":{"self":[{"href":"https:\/\/throdi.app\/de\/wp-json\/wp\/v2\/pages\/26281","targetHints":{"allow":["GET"]}}],"collection":[{"href":"https:\/\/throdi.app\/de\/wp-json\/wp\/v2\/pages"}],"about":[{"href":"https:\/\/throdi.app\/de\/wp-json\/wp\/v2\/types\/page"}],"author":[{"embeddable":true,"href":"https:\/\/throdi.app\/de\/wp-json\/wp\/v2\/users\/1"}],"replies":[{"embeddable":true,"href":"https:\/\/throdi.app\/de\/wp-json\/wp\/v2\/comments?post=26281"}],"version-history":[{"count":9,"href":"https:\/\/throdi.app\/de\/wp-json\/wp\/v2\/pages\/26281\/revisions"}],"predecessor-version":[{"id":27097,"href":"https:\/\/throdi.app\/de\/wp-json\/wp\/v2\/pages\/26281\/revisions\/27097"}],"wp:attachment":[{"href":"https:\/\/throdi.app\/de\/wp-json\/wp\/v2\/media?parent=26281"}],"curies":[{"name":"wp","href":"https:\/\/api.w.org\/{rel}","templated":true}]}}