{"id":26775,"date":"2021-11-28T15:10:05","date_gmt":"2021-11-28T14:10:05","guid":{"rendered":"https:\/\/throdi.app\/loesungen-fuer-hotelgruppen\/"},"modified":"2021-11-28T15:10:05","modified_gmt":"2021-11-28T14:10:05","slug":"loesungen-fuer-hotelgruppen","status":"publish","type":"page","link":"https:\/\/throdi.app\/de\/loesungen-fuer-hotelgruppen\/","title":{"rendered":"L\u00f6sungen f\u00fcr Hotelgruppen"},"content":{"rendered":"\n<div class=\"wp-block-uagb-advanced-heading uagb-block-3a58eebc uagb-heading-text\"><h2 class=\"uagb-heading-text\"><strong>Throdi-App<\/strong><\/h2><div class=\"uagb-separator-wrap\"><div class=\"uagb-separator\"><\/div><\/div><p class=\"uagb-desc-text\">L\u00f6sungen f\u00fcr Hotelgruppen<\/p><\/div>\n\n<p class=\"has-medium-font-size wp-block-paragraph\">Die Throdi App zentralisiert Ihre Abl\u00e4ufe. Dies erfolgt durch die Verwendung eines \u00fcbergreifenden Dashboards und das Erstellen eines Mein Kontos. Dies entlastet nicht nur den Hotelier an der Rezeption, sondern auch den ankommenden Kunden.<\/p>\n\n<p class=\"wp-block-paragraph\">Erkunden Sie die Throdi Guest Journey Timeline einer Hotelgruppe.<\/p>\n\n<figure class=\"wp-block-image size-large is-style-default\"><a href=\"https:\/\/i0.wp.com\/throdi.app\/wp-content\/uploads\/2021\/11\/Timeline-Hotel-Groups-app-EN.001.png?ssl=1\"><img data-recalc-dims=\"1\" fetchpriority=\"high\" decoding=\"async\" width=\"1024\" height=\"576\" data-attachment-id=\"26728\" data-permalink=\"https:\/\/throdi.app\/de\/loesungen-fuer-hotelgruppen\/timeline-hotel-groups-app-en-001-2\/#main\" data-orig-file=\"https:\/\/i0.wp.com\/throdi.app\/wp-content\/uploads\/2021\/11\/Timeline-Hotel-Groups-app-EN.001.png?fit=1920%2C1080&amp;ssl=1\" data-orig-size=\"1920,1080\" data-comments-opened=\"1\" data-image-meta=\"{&quot;aperture&quot;:&quot;0&quot;,&quot;credit&quot;:&quot;&quot;,&quot;camera&quot;:&quot;&quot;,&quot;caption&quot;:&quot;&quot;,&quot;created_timestamp&quot;:&quot;0&quot;,&quot;copyright&quot;:&quot;&quot;,&quot;focal_length&quot;:&quot;0&quot;,&quot;iso&quot;:&quot;0&quot;,&quot;shutter_speed&quot;:&quot;0&quot;,&quot;title&quot;:&quot;&quot;,&quot;orientation&quot;:&quot;0&quot;}\" data-image-title=\"Zeitleiste-Hotelgruppen-App-DE.001\" data-image-description=\"\" data-image-caption=\"\" data-medium-file=\"https:\/\/i0.wp.com\/throdi.app\/wp-content\/uploads\/2021\/11\/Timeline-Hotel-Groups-app-EN.001.png?fit=300%2C169&amp;ssl=1\" data-large-file=\"https:\/\/i0.wp.com\/throdi.app\/wp-content\/uploads\/2021\/11\/Timeline-Hotel-Groups-app-EN.001.png?fit=1024%2C576&amp;ssl=1\" src=\"https:\/\/i0.wp.com\/throdi.app\/wp-content\/uploads\/2021\/11\/Timeline-Hotel-Groups-app-EN.001.png?resize=1024%2C576&#038;ssl=1\" alt=\"\" class=\"wp-image-26728\" srcset=\"https:\/\/i0.wp.com\/throdi.app\/wp-content\/uploads\/2021\/11\/Timeline-Hotel-Groups-app-EN.001.png?resize=1024%2C576&amp;ssl=1 1024w, https:\/\/i0.wp.com\/throdi.app\/wp-content\/uploads\/2021\/11\/Timeline-Hotel-Groups-app-EN.001.png?resize=300%2C169&amp;ssl=1 300w, https:\/\/i0.wp.com\/throdi.app\/wp-content\/uploads\/2021\/11\/Timeline-Hotel-Groups-app-EN.001.png?resize=150%2C84&amp;ssl=1 150w, https:\/\/i0.wp.com\/throdi.app\/wp-content\/uploads\/2021\/11\/Timeline-Hotel-Groups-app-EN.001.png?resize=768%2C432&amp;ssl=1 768w, https:\/\/i0.wp.com\/throdi.app\/wp-content\/uploads\/2021\/11\/Timeline-Hotel-Groups-app-EN.001.png?resize=1536%2C864&amp;ssl=1 1536w, https:\/\/i0.wp.com\/throdi.app\/wp-content\/uploads\/2021\/11\/Timeline-Hotel-Groups-app-EN.001.png?resize=500%2C281&amp;ssl=1 500w, https:\/\/i0.wp.com\/throdi.app\/wp-content\/uploads\/2021\/11\/Timeline-Hotel-Groups-app-EN.001.png?resize=800%2C450&amp;ssl=1 800w, https:\/\/i0.wp.com\/throdi.app\/wp-content\/uploads\/2021\/11\/Timeline-Hotel-Groups-app-EN.001.png?resize=1280%2C720&amp;ssl=1 1280w, https:\/\/i0.wp.com\/throdi.app\/wp-content\/uploads\/2021\/11\/Timeline-Hotel-Groups-app-EN.001.png?resize=1200%2C675&amp;ssl=1 1200w, https:\/\/i0.wp.com\/throdi.app\/wp-content\/uploads\/2021\/11\/Timeline-Hotel-Groups-app-EN.001.png?w=1920&amp;ssl=1 1920w\" sizes=\"(max-width: 1024px) 100vw, 1024px\" \/><\/a><\/figure>","protected":false},"excerpt":{"rendered":"<p>Throdi-App L\u00f6sungen f\u00fcr Hotelgruppen Die Throdi App zentralisiert Ihre Abl\u00e4ufe. Dies erfolgt durch die Verwendung eines \u00fcbergreifenden Dashboards und das Erstellen eines Mein Kontos. Dies entlastet nicht nur den Hotelier an der Rezeption, sondern auch den ankommenden Kunden. Erkunden Sie die Throdi Guest Journey Timeline einer Hotelgruppe.<\/p>\n","protected":false},"author":1,"featured_media":0,"parent":0,"menu_order":0,"comment_status":"closed","ping_status":"closed","template":"","meta":{"_coblocks_attr":"","_coblocks_dimensions":"","_coblocks_responsive_height":"","_coblocks_accordion_ie_support":"","_crdt_document":"","_uag_custom_page_level_css":"","advanced_seo_description":"","jetpack_seo_html_title":"","jetpack_seo_noindex":false,"generate_page_header":"","jetpack_post_was_ever_published":false,"footnotes":""},"class_list":["post-26775","page","type-page","status-publish"],"uagb_featured_image_src":{"full":false,"thumbnail":false,"medium":false,"medium_large":false,"large":false,"1536x1536":false,"2048x2048":false,"newspack-article-block-landscape-large":false,"newspack-article-block-portrait-large":false,"newspack-article-block-square-large":false,"newspack-article-block-landscape-medium":false,"newspack-article-block-portrait-medium":false,"newspack-article-block-square-medium":false,"newspack-article-block-landscape-intermediate":false,"newspack-article-block-portrait-intermediate":false,"newspack-article-block-square-intermediate":false,"newspack-article-block-landscape-small":false,"newspack-article-block-portrait-small":false,"newspack-article-block-square-small":false,"newspack-article-block-landscape-tiny":false,"newspack-article-block-portrait-tiny":false,"newspack-article-block-square-tiny":false,"newspack-article-block-uncropped":false,"awb_sm":false,"awb_md":false,"awb_lg":false,"awb_xl":false},"uagb_author_info":{"display_name":"Throdi app.","author_link":"https:\/\/throdi.app\/de\/author\/throdihotel1\/"},"uagb_comment_info":0,"uagb_excerpt":"Throdi-App L\u00f6sungen f\u00fcr Hotelgruppen Die Throdi App zentralisiert Ihre Abl\u00e4ufe. Dies erfolgt durch die Verwendung eines \u00fcbergreifenden Dashboards und das Erstellen eines Mein Kontos. Dies entlastet nicht nur den Hotelier an der Rezeption, sondern auch den ankommenden Kunden. Erkunden Sie die Throdi Guest Journey Timeline einer Hotelgruppe.","jetpack_sharing_enabled":true,"jetpack_shortlink":"https:\/\/wp.me\/P9oaIP-6XR","jetpack_likes_enabled":true,"amp_enabled":true,"_links":{"self":[{"href":"https:\/\/throdi.app\/de\/wp-json\/wp\/v2\/pages\/26775","targetHints":{"allow":["GET"]}}],"collection":[{"href":"https:\/\/throdi.app\/de\/wp-json\/wp\/v2\/pages"}],"about":[{"href":"https:\/\/throdi.app\/de\/wp-json\/wp\/v2\/types\/page"}],"author":[{"embeddable":true,"href":"https:\/\/throdi.app\/de\/wp-json\/wp\/v2\/users\/1"}],"replies":[{"embeddable":true,"href":"https:\/\/throdi.app\/de\/wp-json\/wp\/v2\/comments?post=26775"}],"version-history":[{"count":2,"href":"https:\/\/throdi.app\/de\/wp-json\/wp\/v2\/pages\/26775\/revisions"}],"predecessor-version":[{"id":26779,"href":"https:\/\/throdi.app\/de\/wp-json\/wp\/v2\/pages\/26775\/revisions\/26779"}],"wp:attachment":[{"href":"https:\/\/throdi.app\/de\/wp-json\/wp\/v2\/media?parent=26775"}],"curies":[{"name":"wp","href":"https:\/\/api.w.org\/{rel}","templated":true}]}}