{"id":26876,"date":"2021-11-29T09:35:37","date_gmt":"2021-11-29T08:35:37","guid":{"rendered":"https:\/\/throdi.app\/zimmerreinigung\/"},"modified":"2021-11-29T10:00:40","modified_gmt":"2021-11-29T09:00:40","slug":"zimmerreinigung","status":"publish","type":"page","link":"https:\/\/throdi.app\/de\/zimmerreinigung\/","title":{"rendered":"Housekeeping"},"content":{"rendered":"\n<div class=\"wp-block-uagb-advanced-heading uagb-block-4b60919d uagb-heading-text\"><h2 class=\"uagb-heading-text\"><strong>Throdi<\/strong><\/h2><div class=\"uagb-separator-wrap\"><div class=\"uagb-separator\"><\/div><\/div><p class=\"uagb-desc-text\">Hauswirtschaftssoftware<\/p><\/div>\n\n<div class=\"wp-block-columns is-layout-flex wp-container-core-columns-is-layout-8f761849 wp-block-columns-is-layout-flex\">\n<div class=\"wp-block-column is-layout-flow wp-block-column-is-layout-flow\" style=\"flex-basis:50%\">\n<div class=\"wp-block-columns is-layout-flex wp-container-core-columns-is-layout-8f761849 wp-block-columns-is-layout-flex\">\n<div class=\"wp-block-column is-vertically-aligned-center is-layout-flow wp-block-column-is-layout-flow\" style=\"flex-basis:100%\">\n<p class=\"wp-block-paragraph\"><\/p>\n\n\n\n<p class=\"wp-block-paragraph\">Eine fortschrittliche Cloud-basierte L\u00f6sung, die die neueste Technologie nutzt, um die G\u00e4stezufriedenheit zu erh\u00f6hen und das Serviceniveau des Hotels zu verbessern. Das Throdi-Dashboard ist mit Ihrem Property Management System (PMS) verkn\u00fcpft.<\/p>\n\n\n\n<p class=\"wp-block-paragraph\">Hier ordnen Sie Aufgaben zu und \u00fcberwachen die Aktivit\u00e4t der Mitarbeiter. Diese praktische Housekeeping-App bietet Vorteile f\u00fcr viele verschiedene Disziplinen im Hotel. Nachfolgend finden Sie einige Beispiele pro Disziplin.<\/p>\n<\/div>\n<\/div>\n\n\n\n<p class=\"wp-block-paragraph\"><\/p>\n<\/div>\n\n\n\n<div class=\"wp-block-column is-layout-flow wp-block-column-is-layout-flow\" style=\"flex-basis:50%\">\n<div class=\"wp-block-image is-style-default\"><figure class=\"aligncenter size-full is-resized\"><img data-recalc-dims=\"1\" fetchpriority=\"high\" decoding=\"async\" data-attachment-id=\"21223\" data-permalink=\"https:\/\/throdi.app\/de\/zimmerreinigung\/throdi-phone-hand-6-0-en-002-2\/#main\" data-orig-file=\"https:\/\/i0.wp.com\/throdi.app\/wp-content\/uploads\/2020\/10\/Throdi-phone-hand-6.0-EN.002.png?fit=665%2C998&amp;ssl=1\" data-orig-size=\"665,998\" data-comments-opened=\"1\" data-image-meta=\"{&quot;aperture&quot;:&quot;0&quot;,&quot;credit&quot;:&quot;&quot;,&quot;camera&quot;:&quot;&quot;,&quot;caption&quot;:&quot;&quot;,&quot;created_timestamp&quot;:&quot;0&quot;,&quot;copyright&quot;:&quot;&quot;,&quot;focal_length&quot;:&quot;0&quot;,&quot;iso&quot;:&quot;0&quot;,&quot;shutter_speed&quot;:&quot;0&quot;,&quot;title&quot;:&quot;&quot;,&quot;orientation&quot;:&quot;0&quot;}\" data-image-title=\"Throdi Telefonhand 6.0 EN.002\" data-image-description=\"\" data-image-caption=\"\" data-large-file=\"https:\/\/i0.wp.com\/throdi.app\/wp-content\/uploads\/2020\/10\/Throdi-phone-hand-6.0-EN.002.png?fit=665%2C998&amp;ssl=1\" src=\"https:\/\/i0.wp.com\/throdi.app\/wp-content\/uploads\/2020\/10\/Throdi-phone-hand-6.0-EN.002.png?resize=344%2C516&#038;ssl=1\" alt=\"\" class=\"wp-image-21223\" width=\"344\" height=\"516\" srcset=\"https:\/\/i0.wp.com\/throdi.app\/wp-content\/uploads\/2020\/10\/Throdi-phone-hand-6.0-EN.002.png?w=665&amp;ssl=1 665w, https:\/\/i0.wp.com\/throdi.app\/wp-content\/uploads\/2020\/10\/Throdi-phone-hand-6.0-EN.002.png?resize=200%2C300&amp;ssl=1 200w, https:\/\/i0.wp.com\/throdi.app\/wp-content\/uploads\/2020\/10\/Throdi-phone-hand-6.0-EN.002.png?resize=100%2C150&amp;ssl=1 100w\" sizes=\"(max-width: 344px) 100vw, 344px\" \/><\/figure><\/div>\n<\/div>\n<\/div>\n\n<h3 class=\"wp-block-heading\" id=\"front-desk\">Rezeption:<\/h3>\n\n<ul class=\"wp-block-list\"><li>Voll ausgestattetes Dashboard mit dem aktuellen Raumstatus f\u00fcr alle R\u00e4umeBehalten Sie die Reinigungsaufgaben im Auge und \u00e4ndern Sie die Priorit\u00e4t der Reinigung der R\u00e4ume<\/li><li>Verhindert, dass G\u00e4ste in ein noch nicht gereinigtes Zimmer geschickt werden<\/li><li>&#8222;Bitte nicht st\u00f6ren R\u00e4ume&#8220; sind an der Rezeption sofort sichtbar<\/li><\/ul>\n<h3 class=\"wp-block-heading\" id=\"housekeeping\">Hauswirtschaft:<\/h3>\n\n<ul class=\"wp-block-list\"><li>Personalisierte Liste der zugewiesenen Zimmer pro Mitarbeiter<\/li><li>Ein technisches Problem in &#8222;Echtzeit&#8220; dem Technischen Service melden, ggf. mit Beschreibung und Foto<\/li><li>Bietet ein vollst\u00e4ndiges und aktuelles Bild des Reinigungsfortschritts<\/li><li>Chatm\u00f6glichkeiten mit der Rezeption, das vermeidet die vielen Telefonate<\/li><\/ul>\n<h3 class=\"wp-block-heading\" id=\"maintenance\">Instandhaltung:<\/h3>\n\n<ul class=\"wp-block-list\"><li>Sofortige Benachrichtigung \u00fcber eingehende technische Probleme<\/li><li>Detaillierte Berichte \u00fcber bereits durchgef\u00fchrte Wartungsaufgaben und gemeldete Fehler in Echtzeit<\/li><\/ul>\n<p class=\"wp-block-paragraph\">Kurz gesagt, die Throdi Housekeeping-App bietet gro\u00dfen Komfort bei der Arbeit im Hotel.<\/p>\n\n<div class=\"wp-block-image is-style-default\"><figure class=\"aligncenter\"><a href=\"https:\/\/i0.wp.com\/throdi.app\/wp-content\/uploads\/2020\/10\/Housekeeping.004.png?ssl=1\"><img data-recalc-dims=\"1\" decoding=\"async\" width=\"1200\" height=\"675\" data-attachment-id=\"21815\" data-permalink=\"https:\/\/throdi.app\/de\/zimmerreinigung\/housekeeping-004-2\/#main\" data-orig-file=\"https:\/\/i0.wp.com\/throdi.app\/wp-content\/uploads\/2020\/10\/Housekeeping.004.png?fit=1920%2C1080&amp;ssl=1\" data-orig-size=\"1920,1080\" data-comments-opened=\"1\" data-image-meta=\"{&quot;aperture&quot;:&quot;0&quot;,&quot;credit&quot;:&quot;&quot;,&quot;camera&quot;:&quot;&quot;,&quot;caption&quot;:&quot;&quot;,&quot;created_timestamp&quot;:&quot;0&quot;,&quot;copyright&quot;:&quot;&quot;,&quot;focal_length&quot;:&quot;0&quot;,&quot;iso&quot;:&quot;0&quot;,&quot;shutter_speed&quot;:&quot;0&quot;,&quot;title&quot;:&quot;&quot;,&quot;orientation&quot;:&quot;0&quot;}\" data-image-title=\"Hauswirtschaft.004\" data-image-description=\"\" data-image-caption=\"\" data-large-file=\"https:\/\/i0.wp.com\/throdi.app\/wp-content\/uploads\/2020\/10\/Housekeeping.004.png?fit=1024%2C576&amp;ssl=1\" src=\"https:\/\/i0.wp.com\/throdi.app\/wp-content\/uploads\/2020\/10\/Housekeeping.004.png?resize=1200%2C675&#038;ssl=1\" alt=\"\" class=\"wp-image-21815\" srcset=\"https:\/\/i0.wp.com\/throdi.app\/wp-content\/uploads\/2020\/10\/Housekeeping.004.png?w=1920&amp;ssl=1 1920w, https:\/\/i0.wp.com\/throdi.app\/wp-content\/uploads\/2020\/10\/Housekeeping.004.png?resize=300%2C169&amp;ssl=1 300w, https:\/\/i0.wp.com\/throdi.app\/wp-content\/uploads\/2020\/10\/Housekeeping.004.png?resize=1024%2C576&amp;ssl=1 1024w, https:\/\/i0.wp.com\/throdi.app\/wp-content\/uploads\/2020\/10\/Housekeeping.004.png?resize=150%2C84&amp;ssl=1 150w, https:\/\/i0.wp.com\/throdi.app\/wp-content\/uploads\/2020\/10\/Housekeeping.004.png?resize=768%2C432&amp;ssl=1 768w, https:\/\/i0.wp.com\/throdi.app\/wp-content\/uploads\/2020\/10\/Housekeeping.004.png?resize=1536%2C864&amp;ssl=1 1536w, https:\/\/i0.wp.com\/throdi.app\/wp-content\/uploads\/2020\/10\/Housekeeping.004.png?resize=1200%2C675&amp;ssl=1 1200w\" sizes=\"(max-width: 1200px) 100vw, 1200px\" \/><\/a><\/figure><\/div>\n\n<p class=\"wp-block-paragraph\">Haush\u00e4lterin bekommt ihre pers\u00f6nlichen Aufgaben<\/p>\n\n<div class=\"wp-block-image is-style-default\"><figure class=\"aligncenter\"><a href=\"https:\/\/i0.wp.com\/throdi.app\/wp-content\/uploads\/2020\/10\/Housekeeping.005.png?ssl=1\"><img data-recalc-dims=\"1\" decoding=\"async\" width=\"1200\" height=\"675\" data-attachment-id=\"21823\" data-permalink=\"https:\/\/throdi.app\/de\/zimmerreinigung\/housekeeping-005-2\/#main\" data-orig-file=\"https:\/\/i0.wp.com\/throdi.app\/wp-content\/uploads\/2020\/10\/Housekeeping.005.png?fit=1920%2C1080&amp;ssl=1\" data-orig-size=\"1920,1080\" data-comments-opened=\"1\" data-image-meta=\"{&quot;aperture&quot;:&quot;0&quot;,&quot;credit&quot;:&quot;&quot;,&quot;camera&quot;:&quot;&quot;,&quot;caption&quot;:&quot;&quot;,&quot;created_timestamp&quot;:&quot;0&quot;,&quot;copyright&quot;:&quot;&quot;,&quot;focal_length&quot;:&quot;0&quot;,&quot;iso&quot;:&quot;0&quot;,&quot;shutter_speed&quot;:&quot;0&quot;,&quot;title&quot;:&quot;&quot;,&quot;orientation&quot;:&quot;0&quot;}\" data-image-title=\"Zimmerreinigung.005\" data-image-description=\"\" data-image-caption=\"\" data-large-file=\"https:\/\/i0.wp.com\/throdi.app\/wp-content\/uploads\/2020\/10\/Housekeeping.005.png?fit=1024%2C576&amp;ssl=1\" src=\"https:\/\/i0.wp.com\/throdi.app\/wp-content\/uploads\/2020\/10\/Housekeeping.005.png?resize=1200%2C675&#038;ssl=1\" alt=\"\" class=\"wp-image-21823\" srcset=\"https:\/\/i0.wp.com\/throdi.app\/wp-content\/uploads\/2020\/10\/Housekeeping.005.png?w=1920&amp;ssl=1 1920w, https:\/\/i0.wp.com\/throdi.app\/wp-content\/uploads\/2020\/10\/Housekeeping.005.png?resize=300%2C169&amp;ssl=1 300w, https:\/\/i0.wp.com\/throdi.app\/wp-content\/uploads\/2020\/10\/Housekeeping.005.png?resize=1024%2C576&amp;ssl=1 1024w, https:\/\/i0.wp.com\/throdi.app\/wp-content\/uploads\/2020\/10\/Housekeeping.005.png?resize=150%2C84&amp;ssl=1 150w, https:\/\/i0.wp.com\/throdi.app\/wp-content\/uploads\/2020\/10\/Housekeeping.005.png?resize=768%2C432&amp;ssl=1 768w, https:\/\/i0.wp.com\/throdi.app\/wp-content\/uploads\/2020\/10\/Housekeeping.005.png?resize=1536%2C864&amp;ssl=1 1536w, https:\/\/i0.wp.com\/throdi.app\/wp-content\/uploads\/2020\/10\/Housekeeping.005.png?resize=1200%2C675&amp;ssl=1 1200w\" sizes=\"(max-width: 1200px) 100vw, 1200px\" \/><\/a><\/figure><\/div>\n\n<p class=\"wp-block-paragraph\">Zimmer ist bezugsfertig, Haush\u00e4lterin markiert, Rezeption sieht, dass das Zimmer bereit ist und sowohl Rezeption als auch Haush\u00e4lterin k\u00f6nnen eine Push-Nachricht senden.<\/p>\n\n<div class=\"wp-block-image is-style-default\"><figure class=\"aligncenter\"><a href=\"https:\/\/i0.wp.com\/throdi.app\/wp-content\/uploads\/2020\/10\/Housekeeping.006.png?ssl=1\"><img data-recalc-dims=\"1\" loading=\"lazy\" decoding=\"async\" width=\"1200\" height=\"675\" data-attachment-id=\"21831\" data-permalink=\"https:\/\/throdi.app\/de\/zimmerreinigung\/housekeeping-006-2\/#main\" data-orig-file=\"https:\/\/i0.wp.com\/throdi.app\/wp-content\/uploads\/2020\/10\/Housekeeping.006.png?fit=1920%2C1080&amp;ssl=1\" data-orig-size=\"1920,1080\" data-comments-opened=\"1\" data-image-meta=\"{&quot;aperture&quot;:&quot;0&quot;,&quot;credit&quot;:&quot;&quot;,&quot;camera&quot;:&quot;&quot;,&quot;caption&quot;:&quot;&quot;,&quot;created_timestamp&quot;:&quot;0&quot;,&quot;copyright&quot;:&quot;&quot;,&quot;focal_length&quot;:&quot;0&quot;,&quot;iso&quot;:&quot;0&quot;,&quot;shutter_speed&quot;:&quot;0&quot;,&quot;title&quot;:&quot;&quot;,&quot;orientation&quot;:&quot;0&quot;}\" data-image-title=\"Hauswirtschaft.006\" data-image-description=\"\" data-image-caption=\"\" data-large-file=\"https:\/\/i0.wp.com\/throdi.app\/wp-content\/uploads\/2020\/10\/Housekeeping.006.png?fit=1024%2C576&amp;ssl=1\" src=\"https:\/\/i0.wp.com\/throdi.app\/wp-content\/uploads\/2020\/10\/Housekeeping.006.png?resize=1200%2C675&#038;ssl=1\" alt=\"\" class=\"wp-image-21831\" srcset=\"https:\/\/i0.wp.com\/throdi.app\/wp-content\/uploads\/2020\/10\/Housekeeping.006.png?w=1920&amp;ssl=1 1920w, https:\/\/i0.wp.com\/throdi.app\/wp-content\/uploads\/2020\/10\/Housekeeping.006.png?resize=300%2C169&amp;ssl=1 300w, https:\/\/i0.wp.com\/throdi.app\/wp-content\/uploads\/2020\/10\/Housekeeping.006.png?resize=1024%2C576&amp;ssl=1 1024w, https:\/\/i0.wp.com\/throdi.app\/wp-content\/uploads\/2020\/10\/Housekeeping.006.png?resize=150%2C84&amp;ssl=1 150w, https:\/\/i0.wp.com\/throdi.app\/wp-content\/uploads\/2020\/10\/Housekeeping.006.png?resize=768%2C432&amp;ssl=1 768w, https:\/\/i0.wp.com\/throdi.app\/wp-content\/uploads\/2020\/10\/Housekeeping.006.png?resize=1536%2C864&amp;ssl=1 1536w, https:\/\/i0.wp.com\/throdi.app\/wp-content\/uploads\/2020\/10\/Housekeeping.006.png?resize=1200%2C675&amp;ssl=1 1200w\" sizes=\"(max-width: 1200px) 100vw, 1200px\" \/><\/a><\/figure><\/div>\n\n<h1 class=\"wp-block-heading\" id=\"icon-name-arrow-circle-o-left-class-unprefixed-class\"><span style=\"color: #55586d;\"><a style=\"color: #55586d;\" href=\"https:\/\/throdi.app\/de\/\"><i class=\"fa fa-arrow-circle-o-left \" ><\/i><\/a><\/span><\/h1>\n","protected":false},"excerpt":{"rendered":"<p>Throdi Hauswirtschaftssoftware Eine fortschrittliche Cloud-basierte L\u00f6sung, die die neueste Technologie nutzt, um die G\u00e4stezufriedenheit zu erh\u00f6hen und das Serviceniveau des Hotels zu verbessern. Das Throdi-Dashboard ist mit Ihrem Property Management System (PMS) verkn\u00fcpft. Hier ordnen Sie Aufgaben zu und \u00fcberwachen die Aktivit\u00e4t der Mitarbeiter. Diese praktische Housekeeping-App bietet Vorteile f\u00fcr viele verschiedene Disziplinen im Hotel. &#8230; <a title=\"Housekeeping\" class=\"read-more\" href=\"https:\/\/throdi.app\/de\/zimmerreinigung\/\" aria-label=\"Mehr zu Housekeeping\">Read more<\/a><\/p>\n","protected":false},"author":1,"featured_media":0,"parent":0,"menu_order":4,"comment_status":"closed","ping_status":"closed","template":"","meta":{"_coblocks_attr":"","_coblocks_dimensions":"","_coblocks_responsive_height":"","_coblocks_accordion_ie_support":"","_crdt_document":"","_uag_custom_page_level_css":"","advanced_seo_description":"","jetpack_seo_html_title":"","jetpack_seo_noindex":false,"generate_page_header":"","footnotes":""},"class_list":["post-26876","page","type-page","status-publish"],"uagb_featured_image_src":{"full":false,"thumbnail":false,"medium":false,"medium_large":false,"large":false,"1536x1536":false,"2048x2048":false,"newspack-article-block-landscape-large":false,"newspack-article-block-portrait-large":false,"newspack-article-block-square-large":false,"newspack-article-block-landscape-medium":false,"newspack-article-block-portrait-medium":false,"newspack-article-block-square-medium":false,"newspack-article-block-landscape-intermediate":false,"newspack-article-block-portrait-intermediate":false,"newspack-article-block-square-intermediate":false,"newspack-article-block-landscape-small":false,"newspack-article-block-portrait-small":false,"newspack-article-block-square-small":false,"newspack-article-block-landscape-tiny":false,"newspack-article-block-portrait-tiny":false,"newspack-article-block-square-tiny":false,"newspack-article-block-uncropped":false,"awb_sm":false,"awb_md":false,"awb_lg":false,"awb_xl":false},"uagb_author_info":{"display_name":"Throdi app.","author_link":"https:\/\/throdi.app\/de\/author\/throdihotel1\/"},"uagb_comment_info":0,"uagb_excerpt":"Throdi Hauswirtschaftssoftware Eine fortschrittliche Cloud-basierte L\u00f6sung, die die neueste Technologie nutzt, um die G\u00e4stezufriedenheit zu erh\u00f6hen und das Serviceniveau des Hotels zu verbessern. Das Throdi-Dashboard ist mit Ihrem Property Management System (PMS) verkn\u00fcpft. Hier ordnen Sie Aufgaben zu und \u00fcberwachen die Aktivit\u00e4t der Mitarbeiter. Diese praktische Housekeeping-App bietet Vorteile f\u00fcr viele verschiedene Disziplinen im Hotel.&hellip;","jetpack_sharing_enabled":true,"jetpack_shortlink":"https:\/\/wp.me\/P9oaIP-6Zu","jetpack_likes_enabled":true,"amp_enabled":true,"_links":{"self":[{"href":"https:\/\/throdi.app\/de\/wp-json\/wp\/v2\/pages\/26876","targetHints":{"allow":["GET"]}}],"collection":[{"href":"https:\/\/throdi.app\/de\/wp-json\/wp\/v2\/pages"}],"about":[{"href":"https:\/\/throdi.app\/de\/wp-json\/wp\/v2\/types\/page"}],"author":[{"embeddable":true,"href":"https:\/\/throdi.app\/de\/wp-json\/wp\/v2\/users\/1"}],"replies":[{"embeddable":true,"href":"https:\/\/throdi.app\/de\/wp-json\/wp\/v2\/comments?post=26876"}],"version-history":[{"count":10,"href":"https:\/\/throdi.app\/de\/wp-json\/wp\/v2\/pages\/26876\/revisions"}],"predecessor-version":[{"id":26915,"href":"https:\/\/throdi.app\/de\/wp-json\/wp\/v2\/pages\/26876\/revisions\/26915"}],"wp:attachment":[{"href":"https:\/\/throdi.app\/de\/wp-json\/wp\/v2\/media?parent=26876"}],"curies":[{"name":"wp","href":"https:\/\/api.w.org\/{rel}","templated":true}]}}