{"id":27003,"date":"2021-11-29T16:35:39","date_gmt":"2021-11-29T15:35:39","guid":{"rendered":"https:\/\/throdi.app\/rezension\/"},"modified":"2021-12-01T10:26:34","modified_gmt":"2021-12-01T09:26:34","slug":"rezension","status":"publish","type":"page","link":"https:\/\/throdi.app\/de\/rezension\/","title":{"rendered":"Rezension"},"content":{"rendered":"\n<div class=\"wp-block-uagb-advanced-heading uagb-block-766613df uagb-heading-text\"><h2 class=\"uagb-heading-text\"><strong>Rezension<\/strong><\/h2><div class=\"uagb-separator-wrap\"><div class=\"uagb-separator\"><\/div><\/div><p class=\"uagb-desc-text\">\u00dcBERLASSEN SIE DAS BEANTWORTEN IHRER BEWERTUNGEN<br\/>EINEM TEAM, DAS DIESE IN VERK\u00c4UFE VERWANDELT<\/p><\/div>\n\n<p class=\"has-medium-font-size wp-block-paragraph\">Beim Check-out k\u00f6nnen Kunden ihren Aufenthalt freiwillig \u00fcber die APP bewerten.<br\/>Der Fragebogen wird vom Hotelier erstellt und ist jederzeit anpassbar.<\/p>\n\n<p class=\"has-medium-font-size wp-block-paragraph\">Hier die verschiedenen Fragem\u00f6glichkeiten:<\/p>\n\n<div class=\"wp-block-image is-style-default\"><figure class=\"aligncenter size-large\"><a href=\"https:\/\/i0.wp.com\/throdi.app\/wp-content\/uploads\/2021\/11\/Ihone-review-EN.png?ssl=1\"><img data-recalc-dims=\"1\" fetchpriority=\"high\" decoding=\"async\" width=\"1024\" height=\"576\" data-attachment-id=\"26945\" data-permalink=\"https:\/\/throdi.app\/de\/rezension\/ihone-review-en-2\/#main\" data-orig-file=\"https:\/\/i0.wp.com\/throdi.app\/wp-content\/uploads\/2021\/11\/Ihone-review-EN.png?fit=1920%2C1080&amp;ssl=1\" data-orig-size=\"1920,1080\" data-comments-opened=\"1\" data-image-meta=\"{&quot;aperture&quot;:&quot;0&quot;,&quot;credit&quot;:&quot;&quot;,&quot;camera&quot;:&quot;&quot;,&quot;caption&quot;:&quot;&quot;,&quot;created_timestamp&quot;:&quot;0&quot;,&quot;copyright&quot;:&quot;&quot;,&quot;focal_length&quot;:&quot;0&quot;,&quot;iso&quot;:&quot;0&quot;,&quot;shutter_speed&quot;:&quot;0&quot;,&quot;title&quot;:&quot;&quot;,&quot;orientation&quot;:&quot;0&quot;}\" data-image-title=\"Ihone-Rezension-DE\" data-image-description=\"\" data-image-caption=\"\" data-large-file=\"https:\/\/i0.wp.com\/throdi.app\/wp-content\/uploads\/2021\/11\/Ihone-review-EN.png?fit=1024%2C576&amp;ssl=1\" src=\"https:\/\/i0.wp.com\/throdi.app\/wp-content\/uploads\/2021\/11\/Ihone-review-EN-1024x576.png?resize=1024%2C576&#038;ssl=1\" alt=\"\" class=\"wp-image-26945\" srcset=\"https:\/\/i0.wp.com\/throdi.app\/wp-content\/uploads\/2021\/11\/Ihone-review-EN.png?resize=1024%2C576&amp;ssl=1 1024w, https:\/\/i0.wp.com\/throdi.app\/wp-content\/uploads\/2021\/11\/Ihone-review-EN.png?resize=300%2C169&amp;ssl=1 300w, https:\/\/i0.wp.com\/throdi.app\/wp-content\/uploads\/2021\/11\/Ihone-review-EN.png?resize=150%2C84&amp;ssl=1 150w, https:\/\/i0.wp.com\/throdi.app\/wp-content\/uploads\/2021\/11\/Ihone-review-EN.png?resize=768%2C432&amp;ssl=1 768w, https:\/\/i0.wp.com\/throdi.app\/wp-content\/uploads\/2021\/11\/Ihone-review-EN.png?resize=1536%2C864&amp;ssl=1 1536w, https:\/\/i0.wp.com\/throdi.app\/wp-content\/uploads\/2021\/11\/Ihone-review-EN.png?resize=500%2C281&amp;ssl=1 500w, https:\/\/i0.wp.com\/throdi.app\/wp-content\/uploads\/2021\/11\/Ihone-review-EN.png?resize=800%2C450&amp;ssl=1 800w, https:\/\/i0.wp.com\/throdi.app\/wp-content\/uploads\/2021\/11\/Ihone-review-EN.png?resize=1280%2C720&amp;ssl=1 1280w, https:\/\/i0.wp.com\/throdi.app\/wp-content\/uploads\/2021\/11\/Ihone-review-EN.png?resize=1200%2C675&amp;ssl=1 1200w, https:\/\/i0.wp.com\/throdi.app\/wp-content\/uploads\/2021\/11\/Ihone-review-EN.png?w=1920&amp;ssl=1 1920w\" sizes=\"(max-width: 1024px) 100vw, 1024px\" \/><\/a><\/figure><\/div>\n\n<p class=\"has-medium-font-size wp-block-paragraph\">Beantwortete Fragen. Standardm\u00e4\u00dfig k\u00f6nnen Sie Statistiken pro gegebener Antwort oder \u00fcber einen bestimmten Zeitraum hinweg verwenden.<\/p>\n\n<div class=\"wp-block-image is-style-default\"><figure class=\"aligncenter size-large\"><a href=\"https:\/\/i0.wp.com\/throdi.app\/wp-content\/uploads\/2021\/11\/Imac-answer-EN.png?ssl=1\"><img data-recalc-dims=\"1\" decoding=\"async\" width=\"1024\" height=\"576\" data-attachment-id=\"26950\" data-permalink=\"https:\/\/throdi.app\/de\/rezension\/imac-answer-en-2\/#main\" data-orig-file=\"https:\/\/i0.wp.com\/throdi.app\/wp-content\/uploads\/2021\/11\/Imac-answer-EN.png?fit=1920%2C1080&amp;ssl=1\" data-orig-size=\"1920,1080\" data-comments-opened=\"1\" data-image-meta=\"{&quot;aperture&quot;:&quot;0&quot;,&quot;credit&quot;:&quot;&quot;,&quot;camera&quot;:&quot;&quot;,&quot;caption&quot;:&quot;&quot;,&quot;created_timestamp&quot;:&quot;0&quot;,&quot;copyright&quot;:&quot;&quot;,&quot;focal_length&quot;:&quot;0&quot;,&quot;iso&quot;:&quot;0&quot;,&quot;shutter_speed&quot;:&quot;0&quot;,&quot;title&quot;:&quot;&quot;,&quot;orientation&quot;:&quot;0&quot;}\" data-image-title=\"Imac-answer-DE\" data-image-description=\"\" data-image-caption=\"\" data-large-file=\"https:\/\/i0.wp.com\/throdi.app\/wp-content\/uploads\/2021\/11\/Imac-answer-EN.png?fit=1024%2C576&amp;ssl=1\" src=\"https:\/\/i0.wp.com\/throdi.app\/wp-content\/uploads\/2021\/11\/Imac-answer-EN-1024x576.png?resize=1024%2C576&#038;ssl=1\" alt=\"\" class=\"wp-image-26950\" srcset=\"https:\/\/i0.wp.com\/throdi.app\/wp-content\/uploads\/2021\/11\/Imac-answer-EN.png?resize=1024%2C576&amp;ssl=1 1024w, https:\/\/i0.wp.com\/throdi.app\/wp-content\/uploads\/2021\/11\/Imac-answer-EN.png?resize=300%2C169&amp;ssl=1 300w, https:\/\/i0.wp.com\/throdi.app\/wp-content\/uploads\/2021\/11\/Imac-answer-EN.png?resize=150%2C84&amp;ssl=1 150w, https:\/\/i0.wp.com\/throdi.app\/wp-content\/uploads\/2021\/11\/Imac-answer-EN.png?resize=768%2C432&amp;ssl=1 768w, https:\/\/i0.wp.com\/throdi.app\/wp-content\/uploads\/2021\/11\/Imac-answer-EN.png?resize=1536%2C864&amp;ssl=1 1536w, https:\/\/i0.wp.com\/throdi.app\/wp-content\/uploads\/2021\/11\/Imac-answer-EN.png?resize=500%2C281&amp;ssl=1 500w, https:\/\/i0.wp.com\/throdi.app\/wp-content\/uploads\/2021\/11\/Imac-answer-EN.png?resize=800%2C450&amp;ssl=1 800w, https:\/\/i0.wp.com\/throdi.app\/wp-content\/uploads\/2021\/11\/Imac-answer-EN.png?resize=1280%2C720&amp;ssl=1 1280w, https:\/\/i0.wp.com\/throdi.app\/wp-content\/uploads\/2021\/11\/Imac-answer-EN.png?resize=1200%2C675&amp;ssl=1 1200w, https:\/\/i0.wp.com\/throdi.app\/wp-content\/uploads\/2021\/11\/Imac-answer-EN.png?w=1920&amp;ssl=1 1920w\" sizes=\"(max-width: 1024px) 100vw, 1024px\" \/><\/a><\/figure><\/div>\n\n<p class=\"has-medium-font-size wp-block-paragraph\">Wenn Sie sich daf\u00fcr entscheiden, die Bewertung beantworten zu lassen, kann dies \u00fcber eine Partnerschaft mit Hotelspeaker erfolgen.*<\/p>\n\n<p class=\"has-small-font-size wp-block-paragraph\">*(Reagieren auf Bewertungen ist optional)<\/p>\n\n<p class=\"wp-block-paragraph\">K\u00fcnftige Kunden verlassen sich mehr als alles andere auf Bewertungen und deren Antworten. \u200bDie Beantwortung von Bewertungen zeigt, dass das Hotel sich um das Kundenfeedback k\u00fcmmert. <\/p>\n\n<p class=\"wp-block-paragraph\">Was einem Kunden gesagt wird, signalisiert allen anderen, wie sie von Ihrem Hotel behandelt werden d\u00fcrfen und <strong>steigert die Buchungsbereitschaft<\/strong> .<\/p>\n\n<p class=\"wp-block-paragraph\">Schnell und pers\u00f6nlich zu reagieren, in der Sprache des Kunden und mit dem Tone of Voice, der die Positionierung des Unternehmens widerspiegelt, ist eine KUNST.<\/p>\n\n<p class=\"wp-block-paragraph\">Unser Service bietet: <\/p>\n\n<ul class=\"wp-block-list\"><li>Konsistenz in Ihren Bewertungsantworten \u00fcber Plattformen und L\u00e4nder hinweg, in \u00dcbereinstimmung mit Ihren Kommunikationsrichtlinien <\/li><li>Einzigartige und personalisierte Antworten (keine Vorlagen), um die Auswirkungen auf den Umsatz zu maximieren, Kommunikationsstil angepasst an die verschiedenen L\u00e4nder und Hotels<\/li><li>24\/7, in allen Sprachen, pr\u00e4sentiert auf einer benutzerfreundlichen Plattform<\/li><li>\u00dcbersicht der in den Bewertungen erw\u00e4hnten Tops &amp; Flops<\/li><li>So gewinnen Sie wertvolle Zeit f\u00fcr das Hotelpersonal. Zeit, die in den Gast investiert werden kann oder um die in den Bewertungen angesprochenen Probleme zu l\u00f6sen. <\/li><\/ul>\n<p class=\"wp-block-paragraph\">Durch die Beantwortung: <\/p>\n\n<ul class=\"wp-block-list\"><li>Sie schlie\u00dfen den Kundenservice-Zyklus: Kunden m\u00f6chten, dass ihre Stimme geh\u00f6rt wird und ihnen gedankt wird<\/li><li>Sie setzen auf PR! Die geschriebenen Antworten sind <strong>f\u00fcr alle zuk\u00fcnftigen potenziellen Kunden zu lesen und werden<\/strong> <strong>ihre Reservierungsentscheidung beeinflussen.<\/strong> Was einem Kunden gesagt wird, signalisiert allen anderen, wie sie von Ihrem Hotel behandelt werden k\u00f6nnen<\/li><li>Durch die Bewertungsantworten erhalten Sie kostenlose Werbung auf einigen der einflussreichsten und sichtbarsten Plattformen <\/li><li>Sie haben die Chance, einen verlorenen Verbraucher zur\u00fcckzugewinnen <\/li><\/ul>\n<p class=\"wp-block-paragraph\">Die Medallia-Studie zeigt, dass Hotels, die auf Bewertungen in den sozialen Medien reagieren, die Auslastungsrate schneller steigern als die Nachz\u00fcgler in den sozialen Medien<\/p>\n\n<h5 class=\"wp-block-heading\" id=\"https-www-medallia-com-press-release-responding-social-media-boosts-companys-bottom-line-new-research-finds\"><a href=\"https:\/\/www.medallia.com\/press-release\/responding-social-media-boosts-companys-bottom-line-new-research-finds\/\" rel=\"nofollow\">https:\/\/www.medallia.com\/press-release\/responding-social-media-boosts-companys-bottom-line-new-research-finds\/<\/a><\/h5>\n\n<p class=\"has-medium-font-size wp-block-paragraph\">Wie es funktioniert:<\/p>\n\n<div class=\"wp-block-group is-content-justification-center is-layout-flex wp-container-core-group-is-layout-df6d44b6 wp-block-group-is-layout-flex\">\n<figure class=\"wp-block-table is-style-stripes\"><table class=\"has-background has-fixed-layout\" style=\"background-color:#ffffff\"><tbody><tr><td>01\/  <br\/>WIR ERFASSEN INFOS, UM PERS\u00d6NLICHE ANTWORTEN ZU ERM\u00d6GLICHEN<\/td><td>02\/  <br\/>WIR ERFASSEN ALLE EXTERNEN UND INTERNEN BEWERTUNGEN<br\/><\/td><td>03\/<br\/>WIR ANTWORTEN<br\/><br\/><br\/><\/td><td>04\/  <br\/>SIE BEHALTEN DIE KONTROLLE!<br\/><br\/><\/td><td>05\/<br\/>ANTWORTEN WERDEN VER\u00d6FFENTLICHT<br\/><br\/><\/td><\/tr><tr><td>Besonderheiten des UnternehmensSpezifische Kommunikationshinweise (Tone-of-Voice, spezielle Infos,\u2026)Upload der Infos in unsere Plattform<br\/><br\/><br\/><br\/><\/td><td>Suche nach neuen Bewertungen auf allen Plattformen: Google, Booking, Tripadvisor, Trustyou, Facebook,..<br\/>Wir k\u00f6nnen die Bewertungen filtern, auf die Sie antworten m\u00f6chten (basierend auf Quelle, Punktzahl oder L\u00e4nge der Nachricht).<br\/><\/td><td>Wir bieten eine personalisierte und einzigartige Antwort in derselben Sprache wie die Bewertung<br\/><br\/><br\/><br\/><br\/><br\/><\/td><td>Der Manager genehmigt auf unserem benutzerfreundlichen Dashboard (dieser Prozess kann automatisiert werden)<br\/>Sie erhalten eine \u00dcbersicht \u00fcber die Stimmung aller eingegangenen Bewertungen, Tops &amp; Flops, verwendete Bewertungssprachen (global &amp; pro Hotel)<\/td><td>Wir ver\u00f6ffentlichen die genehmigte Antwort auf der urspr\u00fcnglichen Website der \u00dcberpr\u00fcfung<br\/><br\/><br\/><br\/><br\/><br\/><br\/><\/td><\/tr><\/tbody><\/table><\/figure><\/div>\n\n<pre class=\"wp-block-verse has-text-align-center has-text-color has-background\" style=\"background-color:#fcb900;color:#000000\">GETAN !\nStunden gespart!\nRuf im Griff.\nDer Kundenkreislauf ist qualitativ geschlossen.\nZuk\u00fcnftiger Umsatz ist geschrieben !<\/pre>\n\n<p class=\"has-medium-font-size wp-block-paragraph\">Die Antwort wird per Push-Nachricht an das Ger\u00e4t des Kunden gesendet.<\/p>\n\n<p class=\"wp-block-paragraph\">Beispiel f\u00fcr eine positive und negative Bewertung<\/p>\n\n<figure class=\"wp-block-image size-large is-style-default\"><a href=\"https:\/\/i0.wp.com\/throdi.app\/wp-content\/uploads\/2021\/11\/Answer-EN.png?ssl=1\"><img data-recalc-dims=\"1\" decoding=\"async\" width=\"1024\" height=\"576\" data-attachment-id=\"26972\" data-permalink=\"https:\/\/throdi.app\/de\/rezension\/answer-en-2\/#main\" data-orig-file=\"https:\/\/i0.wp.com\/throdi.app\/wp-content\/uploads\/2021\/11\/Answer-EN.png?fit=1920%2C1080&amp;ssl=1\" data-orig-size=\"1920,1080\" data-comments-opened=\"1\" data-image-meta=\"{&quot;aperture&quot;:&quot;0&quot;,&quot;credit&quot;:&quot;&quot;,&quot;camera&quot;:&quot;&quot;,&quot;caption&quot;:&quot;&quot;,&quot;created_timestamp&quot;:&quot;0&quot;,&quot;copyright&quot;:&quot;&quot;,&quot;focal_length&quot;:&quot;0&quot;,&quot;iso&quot;:&quot;0&quot;,&quot;shutter_speed&quot;:&quot;0&quot;,&quot;title&quot;:&quot;&quot;,&quot;orientation&quot;:&quot;0&quot;}\" data-image-title=\"Antwort-DE\" data-image-description=\"\" data-image-caption=\"\" data-large-file=\"https:\/\/i0.wp.com\/throdi.app\/wp-content\/uploads\/2021\/11\/Answer-EN.png?fit=1024%2C576&amp;ssl=1\" src=\"https:\/\/i0.wp.com\/throdi.app\/wp-content\/uploads\/2021\/11\/Answer-EN-1024x576.png?resize=1024%2C576&#038;ssl=1\" alt=\"\" class=\"wp-image-26972\" srcset=\"https:\/\/i0.wp.com\/throdi.app\/wp-content\/uploads\/2021\/11\/Answer-EN.png?resize=1024%2C576&amp;ssl=1 1024w, https:\/\/i0.wp.com\/throdi.app\/wp-content\/uploads\/2021\/11\/Answer-EN.png?resize=300%2C169&amp;ssl=1 300w, https:\/\/i0.wp.com\/throdi.app\/wp-content\/uploads\/2021\/11\/Answer-EN.png?resize=150%2C84&amp;ssl=1 150w, https:\/\/i0.wp.com\/throdi.app\/wp-content\/uploads\/2021\/11\/Answer-EN.png?resize=768%2C432&amp;ssl=1 768w, https:\/\/i0.wp.com\/throdi.app\/wp-content\/uploads\/2021\/11\/Answer-EN.png?resize=1536%2C864&amp;ssl=1 1536w, https:\/\/i0.wp.com\/throdi.app\/wp-content\/uploads\/2021\/11\/Answer-EN.png?resize=500%2C281&amp;ssl=1 500w, https:\/\/i0.wp.com\/throdi.app\/wp-content\/uploads\/2021\/11\/Answer-EN.png?resize=800%2C450&amp;ssl=1 800w, https:\/\/i0.wp.com\/throdi.app\/wp-content\/uploads\/2021\/11\/Answer-EN.png?resize=1280%2C720&amp;ssl=1 1280w, https:\/\/i0.wp.com\/throdi.app\/wp-content\/uploads\/2021\/11\/Answer-EN.png?resize=1200%2C675&amp;ssl=1 1200w, https:\/\/i0.wp.com\/throdi.app\/wp-content\/uploads\/2021\/11\/Answer-EN.png?w=1920&amp;ssl=1 1920w\" sizes=\"(max-width: 1024px) 100vw, 1024px\" \/><\/a><\/figure>\n<p class=\"wp-block-paragraph\" style=\"font-size:20px\"><a href=\"https:\/\/throdi.app\/de\/?page_id=27171\" target=\"_blank\" rel=\"noreferrer noopener\">Kontaktieren Sie uns f\u00fcr mehr, wir helfen Ihnen gerne weiter.<\/a><\/p>\n","protected":false},"excerpt":{"rendered":"<p>Rezension \u00dcBERLASSEN SIE DAS BEANTWORTEN IHRER BEWERTUNGENEINEM TEAM, DAS DIESE IN VERK\u00c4UFE VERWANDELT Beim Check-out k\u00f6nnen Kunden ihren Aufenthalt freiwillig \u00fcber die APP bewerten.Der Fragebogen wird vom Hotelier erstellt und ist jederzeit anpassbar. Hier die verschiedenen Fragem\u00f6glichkeiten: Beantwortete Fragen. Standardm\u00e4\u00dfig k\u00f6nnen Sie Statistiken pro gegebener Antwort oder \u00fcber einen bestimmten Zeitraum hinweg verwenden. Wenn Sie &#8230; <a title=\"Rezension\" class=\"read-more\" href=\"https:\/\/throdi.app\/de\/rezension\/\" aria-label=\"Mehr zu Rezension\">Read more<\/a><\/p>\n","protected":false},"author":1,"featured_media":0,"parent":0,"menu_order":0,"comment_status":"closed","ping_status":"closed","template":"","meta":{"_coblocks_attr":"","_coblocks_dimensions":"","_coblocks_responsive_height":"","_coblocks_accordion_ie_support":"","_crdt_document":"","_uag_custom_page_level_css":"","advanced_seo_description":"","jetpack_seo_html_title":"","jetpack_seo_noindex":false,"generate_page_header":"","footnotes":""},"class_list":["post-27003","page","type-page","status-publish"],"uagb_featured_image_src":{"full":false,"thumbnail":false,"medium":false,"medium_large":false,"large":false,"1536x1536":false,"2048x2048":false,"newspack-article-block-landscape-large":false,"newspack-article-block-portrait-large":false,"newspack-article-block-square-large":false,"newspack-article-block-landscape-medium":false,"newspack-article-block-portrait-medium":false,"newspack-article-block-square-medium":false,"newspack-article-block-landscape-intermediate":false,"newspack-article-block-portrait-intermediate":false,"newspack-article-block-square-intermediate":false,"newspack-article-block-landscape-small":false,"newspack-article-block-portrait-small":false,"newspack-article-block-square-small":false,"newspack-article-block-landscape-tiny":false,"newspack-article-block-portrait-tiny":false,"newspack-article-block-square-tiny":false,"newspack-article-block-uncropped":false,"awb_sm":false,"awb_md":false,"awb_lg":false,"awb_xl":false},"uagb_author_info":{"display_name":"Throdi app.","author_link":"https:\/\/throdi.app\/de\/author\/throdihotel1\/"},"uagb_comment_info":0,"uagb_excerpt":"Rezension \u00dcBERLASSEN SIE DAS BEANTWORTEN IHRER BEWERTUNGENEINEM TEAM, DAS DIESE IN VERK\u00c4UFE VERWANDELT Beim Check-out k\u00f6nnen Kunden ihren Aufenthalt freiwillig \u00fcber die APP bewerten.Der Fragebogen wird vom Hotelier erstellt und ist jederzeit anpassbar. Hier die verschiedenen Fragem\u00f6glichkeiten: Beantwortete Fragen. Standardm\u00e4\u00dfig k\u00f6nnen Sie Statistiken pro gegebener Antwort oder \u00fcber einen bestimmten Zeitraum hinweg verwenden. Wenn Sie&hellip;","jetpack_sharing_enabled":true,"jetpack_shortlink":"https:\/\/wp.me\/P9oaIP-71x","jetpack_likes_enabled":true,"amp_enabled":true,"_links":{"self":[{"href":"https:\/\/throdi.app\/de\/wp-json\/wp\/v2\/pages\/27003","targetHints":{"allow":["GET"]}}],"collection":[{"href":"https:\/\/throdi.app\/de\/wp-json\/wp\/v2\/pages"}],"about":[{"href":"https:\/\/throdi.app\/de\/wp-json\/wp\/v2\/types\/page"}],"author":[{"embeddable":true,"href":"https:\/\/throdi.app\/de\/wp-json\/wp\/v2\/users\/1"}],"replies":[{"embeddable":true,"href":"https:\/\/throdi.app\/de\/wp-json\/wp\/v2\/comments?post=27003"}],"version-history":[{"count":18,"href":"https:\/\/throdi.app\/de\/wp-json\/wp\/v2\/pages\/27003\/revisions"}],"predecessor-version":[{"id":27206,"href":"https:\/\/throdi.app\/de\/wp-json\/wp\/v2\/pages\/27003\/revisions\/27206"}],"wp:attachment":[{"href":"https:\/\/throdi.app\/de\/wp-json\/wp\/v2\/media?parent=27003"}],"curies":[{"name":"wp","href":"https:\/\/api.w.org\/{rel}","templated":true}]}}