{"id":25352,"date":"2021-11-15T10:57:45","date_gmt":"2021-11-15T09:57:45","guid":{"rendered":"https:\/\/throdi.app\/application-throdi\/vente-incitative\/"},"modified":"2021-11-15T10:57:56","modified_gmt":"2021-11-15T09:57:56","slug":"vente-incitative","status":"publish","type":"page","link":"https:\/\/throdi.app\/fr\/vente-incitative\/","title":{"rendered":"Vente incitative"},"content":{"rendered":"<table style=\"background-color: #f0f2f7; border-color: #f0f2f7;\">\n<tbody>\n<tr>\n<td style=\"width: 1236px;\">\n<h1><\/h1>\n<h1 style=\"text-align: center;\"><span>Vente incitative<\/span><\/h1>\n<\/td>\n<\/tr>\n<\/tbody>\n<\/table>\n<p><em><a href=\"https:\/\/i0.wp.com\/throdi.app\/wp-content\/uploads\/2020\/10\/Throdi-phone-hand-6.0-EN.004.png?ssl=1\"><img data-recalc-dims=\"1\" fetchpriority=\"high\" decoding=\"async\" data-attachment-id=\"20462\" data-permalink=\"https:\/\/throdi.app\/fr\/throdi-phone-hand-6-0-en-004-2\/\" data-orig-file=\"https:\/\/i0.wp.com\/throdi.app\/wp-content\/uploads\/2020\/10\/Throdi-phone-hand-6.0-EN.004.png?fit=665%2C998&amp;ssl=1\" data-orig-size=\"665,998\" data-comments-opened=\"1\" data-image-meta=\"{&quot;aperture&quot;:&quot;0&quot;,&quot;credit&quot;:&quot;&quot;,&quot;camera&quot;:&quot;&quot;,&quot;caption&quot;:&quot;&quot;,&quot;created_timestamp&quot;:&quot;0&quot;,&quot;copyright&quot;:&quot;&quot;,&quot;focal_length&quot;:&quot;0&quot;,&quot;iso&quot;:&quot;0&quot;,&quot;shutter_speed&quot;:&quot;0&quot;,&quot;title&quot;:&quot;&quot;,&quot;orientation&quot;:&quot;0&quot;}\" data-image-title=\"Main de t\u00e9l\u00e9phone Throdi 6.0 EN.004\" data-image-description=\"\" data-image-caption=\"\" data-medium-file=\"https:\/\/i0.wp.com\/throdi.app\/wp-content\/uploads\/2020\/10\/Throdi-phone-hand-6.0-EN.004.png?fit=200%2C300&amp;ssl=1\" data-large-file=\"https:\/\/i0.wp.com\/throdi.app\/wp-content\/uploads\/2020\/10\/Throdi-phone-hand-6.0-EN.004.png?fit=665%2C998&amp;ssl=1\" class=\"alignright wp-image-20462\" src=\"https:\/\/i0.wp.com\/throdi.app\/wp-content\/uploads\/2020\/10\/Throdi-phone-hand-6.0-EN.004.png?resize=250%2C375&#038;ssl=1\" alt=\"\" width=\"250\" height=\"375\" srcset=\"https:\/\/i0.wp.com\/throdi.app\/wp-content\/uploads\/2020\/10\/Throdi-phone-hand-6.0-EN.004.png?w=665&amp;ssl=1 665w, https:\/\/i0.wp.com\/throdi.app\/wp-content\/uploads\/2020\/10\/Throdi-phone-hand-6.0-EN.004.png?resize=200%2C300&amp;ssl=1 200w, https:\/\/i0.wp.com\/throdi.app\/wp-content\/uploads\/2020\/10\/Throdi-phone-hand-6.0-EN.004.png?resize=100%2C150&amp;ssl=1 100w\" sizes=\"(max-width: 250px) 100vw, 250px\" \/><\/a><\/em><\/p>\n<p>G\u00e9n\u00e9rez plus de revenus pour chaque client gr\u00e2ce \u00e0 la vente incitative en offrant sans effort des services suppl\u00e9mentaires.<\/p>\n<p>Cr\u00e9ez un parcours num\u00e9rique pour vos clients afin de vendre des services incitatifs, offrez une exp\u00e9rience client am\u00e9lior\u00e9e et plus personnalis\u00e9e et g\u00e9n\u00e9rez des revenus suppl\u00e9mentaires.<\/p>\n<p>Diff\u00e9rentes possibilit\u00e9s d&rsquo;Up-selling :<\/p>\n<p>D&rsquo;une part via le lien type de prestation, surclassement de chambre, forfaits, offres extra, consultation de menus de restaurant, etc&#8230;<\/p>\n<p><a href=\"https:\/\/i0.wp.com\/throdi.app\/wp-content\/uploads\/2020\/10\/Pre-check-in-EN.001-2.png?ssl=1\"><img data-recalc-dims=\"1\" decoding=\"async\" data-attachment-id=\"20574\" data-permalink=\"https:\/\/throdi.app\/fr\/pre-check-in-en-001-4-2\/\" data-orig-file=\"https:\/\/i0.wp.com\/throdi.app\/wp-content\/uploads\/2020\/10\/Pre-check-in-EN.001-2.png?fit=1920%2C1080&amp;ssl=1\" data-orig-size=\"1920,1080\" data-comments-opened=\"1\" data-image-meta=\"{&quot;aperture&quot;:&quot;0&quot;,&quot;credit&quot;:&quot;&quot;,&quot;camera&quot;:&quot;&quot;,&quot;caption&quot;:&quot;&quot;,&quot;created_timestamp&quot;:&quot;0&quot;,&quot;copyright&quot;:&quot;&quot;,&quot;focal_length&quot;:&quot;0&quot;,&quot;iso&quot;:&quot;0&quot;,&quot;shutter_speed&quot;:&quot;0&quot;,&quot;title&quot;:&quot;&quot;,&quot;orientation&quot;:&quot;0&quot;}\" data-image-title=\"Pr\u00e9-enregistrement EN.001\" data-image-description=\"\" data-image-caption=\"\" data-medium-file=\"https:\/\/i0.wp.com\/throdi.app\/wp-content\/uploads\/2020\/10\/Pre-check-in-EN.001-2.png?fit=300%2C169&amp;ssl=1\" data-large-file=\"https:\/\/i0.wp.com\/throdi.app\/wp-content\/uploads\/2020\/10\/Pre-check-in-EN.001-2.png?fit=1024%2C576&amp;ssl=1\" class=\"aligncenter wp-image-20574 size-full\" src=\"https:\/\/i0.wp.com\/throdi.app\/wp-content\/uploads\/2020\/10\/Pre-check-in-EN.001-2.png?resize=1200%2C675&#038;ssl=1\" alt=\"\" width=\"1200\" height=\"675\" srcset=\"https:\/\/i0.wp.com\/throdi.app\/wp-content\/uploads\/2020\/10\/Pre-check-in-EN.001-2.png?w=1920&amp;ssl=1 1920w, https:\/\/i0.wp.com\/throdi.app\/wp-content\/uploads\/2020\/10\/Pre-check-in-EN.001-2.png?resize=300%2C169&amp;ssl=1 300w, https:\/\/i0.wp.com\/throdi.app\/wp-content\/uploads\/2020\/10\/Pre-check-in-EN.001-2.png?resize=1024%2C576&amp;ssl=1 1024w, https:\/\/i0.wp.com\/throdi.app\/wp-content\/uploads\/2020\/10\/Pre-check-in-EN.001-2.png?resize=150%2C84&amp;ssl=1 150w, https:\/\/i0.wp.com\/throdi.app\/wp-content\/uploads\/2020\/10\/Pre-check-in-EN.001-2.png?resize=768%2C432&amp;ssl=1 768w, https:\/\/i0.wp.com\/throdi.app\/wp-content\/uploads\/2020\/10\/Pre-check-in-EN.001-2.png?resize=1536%2C864&amp;ssl=1 1536w, https:\/\/i0.wp.com\/throdi.app\/wp-content\/uploads\/2020\/10\/Pre-check-in-EN.001-2.png?resize=1200%2C675&amp;ssl=1 1200w\" sizes=\"(max-width: 1200px) 100vw, 1200px\" \/><\/a><\/p>\n<p>faire des r\u00e9servations pour votre restaurant, bien-\u00eatre, etc,<\/p>\n<p><a href=\"https:\/\/i0.wp.com\/throdi.app\/wp-content\/uploads\/2020\/10\/Pre-check-in-EN.002-1.png?ssl=1\"><img data-recalc-dims=\"1\" decoding=\"async\" data-attachment-id=\"20582\" data-permalink=\"https:\/\/throdi.app\/fr\/pre-check-in-en-002-3-2\/\" data-orig-file=\"https:\/\/i0.wp.com\/throdi.app\/wp-content\/uploads\/2020\/10\/Pre-check-in-EN.002-1.png?fit=1920%2C1080&amp;ssl=1\" data-orig-size=\"1920,1080\" data-comments-opened=\"1\" data-image-meta=\"{&quot;aperture&quot;:&quot;0&quot;,&quot;credit&quot;:&quot;&quot;,&quot;camera&quot;:&quot;&quot;,&quot;caption&quot;:&quot;&quot;,&quot;created_timestamp&quot;:&quot;0&quot;,&quot;copyright&quot;:&quot;&quot;,&quot;focal_length&quot;:&quot;0&quot;,&quot;iso&quot;:&quot;0&quot;,&quot;shutter_speed&quot;:&quot;0&quot;,&quot;title&quot;:&quot;&quot;,&quot;orientation&quot;:&quot;0&quot;}\" data-image-title=\"Pr\u00e9-enregistrement EN.002\" data-image-description=\"\" data-image-caption=\"\" data-medium-file=\"https:\/\/i0.wp.com\/throdi.app\/wp-content\/uploads\/2020\/10\/Pre-check-in-EN.002-1.png?fit=300%2C169&amp;ssl=1\" data-large-file=\"https:\/\/i0.wp.com\/throdi.app\/wp-content\/uploads\/2020\/10\/Pre-check-in-EN.002-1.png?fit=1024%2C576&amp;ssl=1\" class=\"aligncenter wp-image-20582 size-full\" src=\"https:\/\/i0.wp.com\/throdi.app\/wp-content\/uploads\/2020\/10\/Pre-check-in-EN.002-1.png?resize=1200%2C675&#038;ssl=1\" alt=\"\" width=\"1200\" height=\"675\" srcset=\"https:\/\/i0.wp.com\/throdi.app\/wp-content\/uploads\/2020\/10\/Pre-check-in-EN.002-1.png?w=1920&amp;ssl=1 1920w, https:\/\/i0.wp.com\/throdi.app\/wp-content\/uploads\/2020\/10\/Pre-check-in-EN.002-1.png?resize=300%2C169&amp;ssl=1 300w, https:\/\/i0.wp.com\/throdi.app\/wp-content\/uploads\/2020\/10\/Pre-check-in-EN.002-1.png?resize=1024%2C576&amp;ssl=1 1024w, https:\/\/i0.wp.com\/throdi.app\/wp-content\/uploads\/2020\/10\/Pre-check-in-EN.002-1.png?resize=150%2C84&amp;ssl=1 150w, https:\/\/i0.wp.com\/throdi.app\/wp-content\/uploads\/2020\/10\/Pre-check-in-EN.002-1.png?resize=768%2C432&amp;ssl=1 768w, https:\/\/i0.wp.com\/throdi.app\/wp-content\/uploads\/2020\/10\/Pre-check-in-EN.002-1.png?resize=1536%2C864&amp;ssl=1 1536w, https:\/\/i0.wp.com\/throdi.app\/wp-content\/uploads\/2020\/10\/Pre-check-in-EN.002-1.png?resize=1200%2C675&amp;ssl=1 1200w\" sizes=\"(max-width: 1200px) 100vw, 1200px\" \/><\/a><\/p>\n<p>D&rsquo;autre part, via un service de type commande : parking, location de v\u00e9los, commande de taxi, etc&#8230;<\/p>\n<p><a href=\"https:\/\/i0.wp.com\/throdi.app\/wp-content\/uploads\/2020\/10\/Pre-check-in.003.png?ssl=1\"><img data-recalc-dims=\"1\" loading=\"lazy\" decoding=\"async\" data-attachment-id=\"20318\" data-permalink=\"https:\/\/throdi.app\/fr\/pre-check-in-003-2-2\/\" data-orig-file=\"https:\/\/i0.wp.com\/throdi.app\/wp-content\/uploads\/2020\/10\/Pre-check-in.003.png?fit=1920%2C1080&amp;ssl=1\" data-orig-size=\"1920,1080\" data-comments-opened=\"1\" data-image-meta=\"{&quot;aperture&quot;:&quot;0&quot;,&quot;credit&quot;:&quot;&quot;,&quot;camera&quot;:&quot;&quot;,&quot;caption&quot;:&quot;&quot;,&quot;created_timestamp&quot;:&quot;0&quot;,&quot;copyright&quot;:&quot;&quot;,&quot;focal_length&quot;:&quot;0&quot;,&quot;iso&quot;:&quot;0&quot;,&quot;shutter_speed&quot;:&quot;0&quot;,&quot;title&quot;:&quot;&quot;,&quot;orientation&quot;:&quot;0&quot;}\" data-image-title=\"Pr\u00e9-enregistrement.003\" data-image-description=\"\" data-image-caption=\"\" data-medium-file=\"https:\/\/i0.wp.com\/throdi.app\/wp-content\/uploads\/2020\/10\/Pre-check-in.003.png?fit=300%2C169&amp;ssl=1\" data-large-file=\"https:\/\/i0.wp.com\/throdi.app\/wp-content\/uploads\/2020\/10\/Pre-check-in.003.png?fit=1024%2C576&amp;ssl=1\" class=\"aligncenter size-full wp-image-20318\" src=\"https:\/\/i0.wp.com\/throdi.app\/wp-content\/uploads\/2020\/10\/Pre-check-in.003.png?resize=1200%2C675&#038;ssl=1\" alt=\"\" width=\"1200\" height=\"675\" srcset=\"https:\/\/i0.wp.com\/throdi.app\/wp-content\/uploads\/2020\/10\/Pre-check-in.003.png?w=1920&amp;ssl=1 1920w, https:\/\/i0.wp.com\/throdi.app\/wp-content\/uploads\/2020\/10\/Pre-check-in.003.png?resize=300%2C169&amp;ssl=1 300w, https:\/\/i0.wp.com\/throdi.app\/wp-content\/uploads\/2020\/10\/Pre-check-in.003.png?resize=1024%2C576&amp;ssl=1 1024w, https:\/\/i0.wp.com\/throdi.app\/wp-content\/uploads\/2020\/10\/Pre-check-in.003.png?resize=150%2C84&amp;ssl=1 150w, https:\/\/i0.wp.com\/throdi.app\/wp-content\/uploads\/2020\/10\/Pre-check-in.003.png?resize=768%2C432&amp;ssl=1 768w, https:\/\/i0.wp.com\/throdi.app\/wp-content\/uploads\/2020\/10\/Pre-check-in.003.png?resize=1536%2C864&amp;ssl=1 1536w, https:\/\/i0.wp.com\/throdi.app\/wp-content\/uploads\/2020\/10\/Pre-check-in.003.png?resize=1200%2C675&amp;ssl=1 1200w\" sizes=\"(max-width: 1200px) 100vw, 1200px\" \/><\/a><\/p>\n<p>Possibilit\u00e9s infinies. En tant qu&rsquo;h\u00f4telier, vous personnalisez vous-m\u00eame tout \u00e0 la carte dans le tableau de bord.<\/p>\n<h1 style=\"text-align: center;\"><span style=\"color: #55586d;\"><a style=\"color: #55586d;\" href=\"https:\/\/wp.me\/P9oaIP-Ji\"><i class=\"fa fa-arrow-circle-o-left \" ><\/i><\/a><a style=\"color: #55586d;\" href=\"https:\/\/wp.me\/P9oaIP-u3\"><i class=\"fa fa-arrow-circle-o-right \" ><\/i><\/a><\/span><\/h1>\n","protected":false},"excerpt":{"rendered":"<p>Vente incitative G\u00e9n\u00e9rez plus de revenus pour chaque client gr\u00e2ce \u00e0 la vente incitative en offrant sans effort des services suppl\u00e9mentaires. Cr\u00e9ez un parcours num\u00e9rique pour vos clients afin de vendre des services incitatifs, offrez une exp\u00e9rience client am\u00e9lior\u00e9e et plus personnalis\u00e9e et g\u00e9n\u00e9rez des revenus suppl\u00e9mentaires. Diff\u00e9rentes possibilit\u00e9s d&rsquo;Up-selling : D&rsquo;une part via le &#8230; <a title=\"Vente incitative\" class=\"read-more\" href=\"https:\/\/throdi.app\/fr\/vente-incitative\/\" aria-label=\"Plus sur Vente incitative\">Read more<\/a><\/p>\n","protected":false},"author":1,"featured_media":0,"parent":0,"menu_order":2,"comment_status":"closed","ping_status":"closed","template":"","meta":{"_coblocks_attr":"","_coblocks_dimensions":"","_coblocks_responsive_height":"","_coblocks_accordion_ie_support":"","_crdt_document":"","_uag_custom_page_level_css":"","advanced_seo_description":"","jetpack_seo_html_title":"","jetpack_seo_noindex":false,"generate_page_header":"","jetpack_post_was_ever_published":false,"footnotes":""},"class_list":["post-25352","page","type-page","status-publish"],"uagb_featured_image_src":{"full":false,"thumbnail":false,"medium":false,"medium_large":false,"large":false,"1536x1536":false,"2048x2048":false,"newspack-article-block-landscape-large":false,"newspack-article-block-portrait-large":false,"newspack-article-block-square-large":false,"newspack-article-block-landscape-medium":false,"newspack-article-block-portrait-medium":false,"newspack-article-block-square-medium":false,"newspack-article-block-landscape-intermediate":false,"newspack-article-block-portrait-intermediate":false,"newspack-article-block-square-intermediate":false,"newspack-article-block-landscape-small":false,"newspack-article-block-portrait-small":false,"newspack-article-block-square-small":false,"newspack-article-block-landscape-tiny":false,"newspack-article-block-portrait-tiny":false,"newspack-article-block-square-tiny":false,"newspack-article-block-uncropped":false,"awb_sm":false,"awb_md":false,"awb_lg":false,"awb_xl":false},"uagb_author_info":{"display_name":"Throdi app.","author_link":"https:\/\/throdi.app\/fr\/author\/throdihotel1\/"},"uagb_comment_info":0,"uagb_excerpt":"Vente incitative G\u00e9n\u00e9rez plus de revenus pour chaque client gr\u00e2ce \u00e0 la vente incitative en offrant sans effort des services suppl\u00e9mentaires. Cr\u00e9ez un parcours num\u00e9rique pour vos clients afin de vendre des services incitatifs, offrez une exp\u00e9rience client am\u00e9lior\u00e9e et plus personnalis\u00e9e et g\u00e9n\u00e9rez des revenus suppl\u00e9mentaires. Diff\u00e9rentes possibilit\u00e9s d&rsquo;Up-selling : D&rsquo;une part via le\u2026","jetpack_sharing_enabled":true,"jetpack_shortlink":"https:\/\/wp.me\/P9oaIP-6AU","jetpack_likes_enabled":true,"amp_enabled":true,"_links":{"self":[{"href":"https:\/\/throdi.app\/fr\/wp-json\/wp\/v2\/pages\/25352","targetHints":{"allow":["GET"]}}],"collection":[{"href":"https:\/\/throdi.app\/fr\/wp-json\/wp\/v2\/pages"}],"about":[{"href":"https:\/\/throdi.app\/fr\/wp-json\/wp\/v2\/types\/page"}],"author":[{"embeddable":true,"href":"https:\/\/throdi.app\/fr\/wp-json\/wp\/v2\/users\/1"}],"replies":[{"embeddable":true,"href":"https:\/\/throdi.app\/fr\/wp-json\/wp\/v2\/comments?post=25352"}],"version-history":[{"count":1,"href":"https:\/\/throdi.app\/fr\/wp-json\/wp\/v2\/pages\/25352\/revisions"}],"predecessor-version":[{"id":25353,"href":"https:\/\/throdi.app\/fr\/wp-json\/wp\/v2\/pages\/25352\/revisions\/25353"}],"wp:attachment":[{"href":"https:\/\/throdi.app\/fr\/wp-json\/wp\/v2\/media?parent=25352"}],"curies":[{"name":"wp","href":"https:\/\/api.w.org\/{rel}","templated":true}]}}