{"id":25592,"date":"2021-11-17T13:25:20","date_gmt":"2021-11-17T12:25:20","guid":{"rendered":"https:\/\/throdi.app\/application-throdi-1-0\/"},"modified":"2021-12-01T09:35:45","modified_gmt":"2021-12-01T08:35:45","slug":"application-throdi-1-0","status":"publish","type":"page","link":"https:\/\/throdi.app\/fr\/application-throdi-1-0\/","title":{"rendered":"l&rsquo;APPLI Throdi"},"content":{"rendered":"\n<div class=\"wp-block-uagb-advanced-heading uagb-block-56ecef2e uagb-heading-text\"><h2 class=\"uagb-heading-text\"><strong>l&rsquo; APPLI Throdi<\/strong><\/h2><div class=\"uagb-separator-wrap\"><div class=\"uagb-separator\"><\/div><\/div><p class=\"uagb-desc-text\"><\/p><\/div>\n\n<ul class=\"wp-block-list\"><li>Un outil unique pour tout h\u00f4telier \u00e0 la recherche d&rsquo;une efficacit\u00e9 maximale dans un souci de modernisation et de respect des mesures corona. L&rsquo;int\u00e9gration compl\u00e8te des programmes et services dans 1 application : l&rsquo;Appli h\u00f4teli\u00e8re one-stop.<\/li><li>Une appli gratuite que chaque client ressent comme tr\u00e8s conviviale et qui regroupe de nombreux services h\u00f4teliers auxquels il peut faire appel \u00e0 tout moment sans avoir \u00e0 faire la queue \u00e0 la r\u00e9ception.<\/li><\/ul>\n<p class=\"wp-block-paragraph\">Les gains de temps et d&rsquo;efficacit\u00e9 signifient que votre r\u00e9ception peut enfin donner la priorit\u00e9 au contact social plus pertinent avec votre client. Une forme utile de fid\u00e9lisation de la client\u00e8le. Votre service devient encore meilleur !<\/p>\n\n<h3 class=\"wp-block-heading\" id=\"contactless-guest-journey-in-your-hotel\">Parcours client sans contact dans votre h\u00f4tel<\/h3>\n\n<p class=\"wp-block-paragraph\">Explorez la chronologie du parcours du client Throdi, de la r\u00e9servation \u00e0 l&rsquo;apr\u00e8s-vacances.<\/p>\n\n<figure class=\"wp-block-image size-large is-style-default\"><a href=\"https:\/\/i0.wp.com\/throdi.app\/wp-content\/uploads\/2021\/11\/Timeline-EN.001.png?ssl=1\"><img data-recalc-dims=\"1\" fetchpriority=\"high\" decoding=\"async\" width=\"1024\" height=\"576\" data-attachment-id=\"26627\" data-permalink=\"https:\/\/throdi.app\/fr\/application-throdi-1-0\/timeline-en-001-2\/#main\" data-orig-file=\"https:\/\/i0.wp.com\/throdi.app\/wp-content\/uploads\/2021\/11\/Timeline-EN.001.png?fit=1920%2C1080&amp;ssl=1\" data-orig-size=\"1920,1080\" data-comments-opened=\"1\" data-image-meta=\"{&quot;aperture&quot;:&quot;0&quot;,&quot;credit&quot;:&quot;&quot;,&quot;camera&quot;:&quot;&quot;,&quot;caption&quot;:&quot;&quot;,&quot;created_timestamp&quot;:&quot;0&quot;,&quot;copyright&quot;:&quot;&quot;,&quot;focal_length&quot;:&quot;0&quot;,&quot;iso&quot;:&quot;0&quot;,&quot;shutter_speed&quot;:&quot;0&quot;,&quot;title&quot;:&quot;&quot;,&quot;orientation&quot;:&quot;0&quot;}\" data-image-title=\"Chronologie-FR.001\" data-image-description=\"\" data-image-caption=\"\" data-large-file=\"https:\/\/i0.wp.com\/throdi.app\/wp-content\/uploads\/2021\/11\/Timeline-EN.001.png?fit=1024%2C576&amp;ssl=1\" src=\"https:\/\/i0.wp.com\/throdi.app\/wp-content\/uploads\/2021\/11\/Timeline-EN.001.png?resize=1024%2C576&#038;ssl=1\" alt=\"\" class=\"wp-image-26627\" srcset=\"https:\/\/i0.wp.com\/throdi.app\/wp-content\/uploads\/2021\/11\/Timeline-EN.001.png?resize=1024%2C576&amp;ssl=1 1024w, https:\/\/i0.wp.com\/throdi.app\/wp-content\/uploads\/2021\/11\/Timeline-EN.001.png?resize=300%2C169&amp;ssl=1 300w, https:\/\/i0.wp.com\/throdi.app\/wp-content\/uploads\/2021\/11\/Timeline-EN.001.png?resize=150%2C84&amp;ssl=1 150w, https:\/\/i0.wp.com\/throdi.app\/wp-content\/uploads\/2021\/11\/Timeline-EN.001.png?resize=768%2C432&amp;ssl=1 768w, https:\/\/i0.wp.com\/throdi.app\/wp-content\/uploads\/2021\/11\/Timeline-EN.001.png?resize=1536%2C864&amp;ssl=1 1536w, https:\/\/i0.wp.com\/throdi.app\/wp-content\/uploads\/2021\/11\/Timeline-EN.001.png?resize=500%2C281&amp;ssl=1 500w, https:\/\/i0.wp.com\/throdi.app\/wp-content\/uploads\/2021\/11\/Timeline-EN.001.png?resize=800%2C450&amp;ssl=1 800w, https:\/\/i0.wp.com\/throdi.app\/wp-content\/uploads\/2021\/11\/Timeline-EN.001.png?resize=1280%2C720&amp;ssl=1 1280w, https:\/\/i0.wp.com\/throdi.app\/wp-content\/uploads\/2021\/11\/Timeline-EN.001.png?resize=1200%2C675&amp;ssl=1 1200w, https:\/\/i0.wp.com\/throdi.app\/wp-content\/uploads\/2021\/11\/Timeline-EN.001.png?w=1920&amp;ssl=1 1920w\" sizes=\"(max-width: 1024px) 100vw, 1024px\" \/><\/a><\/figure>\n<p class=\"wp-block-paragraph\">Sachez \u00e9galement que l&rsquo;Appli Throdi est conforme \u00e0 toutes les exigences GDPR <a href=\"https:\/\/wp.me\/P9oaIP-ll\">(politique de confidentialit\u00e9)<\/a> . Gr\u00e2ce \u00e0 notre partenariat avec <a href=\"https:\/\/gdprwise.eu\/?lang=nl\">GDPRWise<\/a> .<\/p>\n\n<p>l&rsquo;Appli Throdi est t\u00e9l\u00e9chargeable gratuitement dans les stores. &nbsp; &nbsp;&nbsp;<a href=\"https:\/\/play.google.com\/store\/apps\/details?id=com.horeca_club.throdi\" target=\"_blank\" rel=\"noopener noreferrer\"><img data-recalc-dims=\"1\" decoding=\"async\" data-attachment-id=\"9548\" data-permalink=\"https:\/\/throdi.app\/fr\/google-play-2\/\" data-orig-file=\"https:\/\/i0.wp.com\/throdi.app\/wp-content\/uploads\/2018\/05\/Google-play.png?fit=413%2C122&amp;ssl=1\" data-orig-size=\"413,122\" data-comments-opened=\"1\" data-image-meta=\"{&quot;aperture&quot;:&quot;0&quot;,&quot;credit&quot;:&quot;&quot;,&quot;camera&quot;:&quot;&quot;,&quot;caption&quot;:&quot;&quot;,&quot;created_timestamp&quot;:&quot;0&quot;,&quot;copyright&quot;:&quot;&quot;,&quot;focal_length&quot;:&quot;0&quot;,&quot;iso&quot;:&quot;0&quot;,&quot;shutter_speed&quot;:&quot;0&quot;,&quot;title&quot;:&quot;&quot;,&quot;orientation&quot;:&quot;0&quot;}\" data-image-title=\"Jeu de Google\" data-image-description=\"\" data-image-caption=\"\" data-large-file=\"https:\/\/i0.wp.com\/throdi.app\/wp-content\/uploads\/2018\/05\/Google-play.png?fit=413%2C122&amp;ssl=1\" class=\"alignnone wp-image-9548\" src=\"https:\/\/i0.wp.com\/throdi.app\/wp-content\/uploads\/2018\/05\/Google-play.png?resize=100%2C30&#038;ssl=1\" alt=\"\" width=\"100\" height=\"30\" srcset=\"https:\/\/i0.wp.com\/throdi.app\/wp-content\/uploads\/2018\/05\/Google-play.png?resize=150%2C44&amp;ssl=1 150w, https:\/\/i0.wp.com\/throdi.app\/wp-content\/uploads\/2018\/05\/Google-play.png?resize=300%2C89&amp;ssl=1 300w, https:\/\/i0.wp.com\/throdi.app\/wp-content\/uploads\/2018\/05\/Google-play.png?w=413&amp;ssl=1 413w\" sizes=\"(max-width: 100px) 100vw, 100px\" \/><\/a>&nbsp; &nbsp; &nbsp;&nbsp;<a href=\"https:\/\/itunes.apple.com\/pl\/app\/throdi\/id1221381741?mt=8\" target=\"_blank\" rel=\"noopener noreferrer\"><img data-recalc-dims=\"1\" decoding=\"async\" data-attachment-id=\"9556\" data-permalink=\"https:\/\/throdi.app\/fr\/2000px-download_on_the_app_store_badge-svg-2\/\" data-orig-file=\"https:\/\/i0.wp.com\/throdi.app\/wp-content\/uploads\/2018\/05\/2000px-Download_on_the_App_Store_Badge.svg_.png?fit=2000%2C593&amp;ssl=1\" data-orig-size=\"2000,593\" data-comments-opened=\"1\" data-image-meta=\"{&quot;aperture&quot;:&quot;0&quot;,&quot;credit&quot;:&quot;&quot;,&quot;camera&quot;:&quot;&quot;,&quot;caption&quot;:&quot;&quot;,&quot;created_timestamp&quot;:&quot;0&quot;,&quot;copyright&quot;:&quot;&quot;,&quot;focal_length&quot;:&quot;0&quot;,&quot;iso&quot;:&quot;0&quot;,&quot;shutter_speed&quot;:&quot;0&quot;,&quot;title&quot;:&quot;&quot;,&quot;orientation&quot;:&quot;0&quot;}\" data-image-title=\"2000px-Download_on_the_App_Store_Badge.svg\" data-image-description=\"\" data-image-caption=\"\" data-large-file=\"https:\/\/i0.wp.com\/throdi.app\/wp-content\/uploads\/2018\/05\/2000px-Download_on_the_App_Store_Badge.svg_.png?fit=1024%2C304&amp;ssl=1\" class=\"alignnone wp-image-9556\" src=\"https:\/\/i0.wp.com\/throdi.app\/wp-content\/uploads\/2018\/05\/2000px-Download_on_the_App_Store_Badge.svg_.png?resize=100%2C30&#038;ssl=1\" alt=\"\" width=\"100\" height=\"30\" srcset=\"https:\/\/i0.wp.com\/throdi.app\/wp-content\/uploads\/2018\/05\/2000px-Download_on_the_App_Store_Badge.svg_.png?resize=150%2C44&amp;ssl=1 150w, https:\/\/i0.wp.com\/throdi.app\/wp-content\/uploads\/2018\/05\/2000px-Download_on_the_App_Store_Badge.svg_.png?resize=300%2C89&amp;ssl=1 300w, https:\/\/i0.wp.com\/throdi.app\/wp-content\/uploads\/2018\/05\/2000px-Download_on_the_App_Store_Badge.svg_.png?resize=1024%2C304&amp;ssl=1 1024w, https:\/\/i0.wp.com\/throdi.app\/wp-content\/uploads\/2018\/05\/2000px-Download_on_the_App_Store_Badge.svg_.png?w=2000&amp;ssl=1 2000w\" sizes=\"(max-width: 100px) 100vw, 100px\" \/><\/a>&nbsp; &nbsp; &nbsp;<a href=\"https:\/\/www.microsoft.com\/nl-nl\/p\/throdi\/9pncmrcs87fj?activetab=pivot:overviewtab\"><img data-recalc-dims=\"1\" loading=\"lazy\" decoding=\"async\" data-attachment-id=\"11113\" data-permalink=\"https:\/\/throdi.app\/fr\/les-partenaires\/microsoft-logo-has-a-new-look-thepixelweb-33473-kopie-2\/#main\" data-orig-file=\"https:\/\/i0.wp.com\/throdi.app\/wp-content\/uploads\/2019\/03\/microsoft-logo-has-a-new-look-thepixelweb-33473-kopie.png?fit=109%2C25&amp;ssl=1\" data-orig-size=\"109,25\" data-comments-opened=\"1\" data-image-meta=\"{&quot;aperture&quot;:&quot;0&quot;,&quot;credit&quot;:&quot;&quot;,&quot;camera&quot;:&quot;&quot;,&quot;caption&quot;:&quot;&quot;,&quot;created_timestamp&quot;:&quot;0&quot;,&quot;copyright&quot;:&quot;&quot;,&quot;focal_length&quot;:&quot;0&quot;,&quot;iso&quot;:&quot;0&quot;,&quot;shutter_speed&quot;:&quot;0&quot;,&quot;title&quot;:&quot;&quot;,&quot;orientation&quot;:&quot;0&quot;}\" data-image-title=\"microsoftstorefooter\" data-image-description=\"\" data-image-caption=\"\" data-large-file=\"https:\/\/i0.wp.com\/throdi.app\/wp-content\/uploads\/2019\/03\/microsoft-logo-has-a-new-look-thepixelweb-33473-kopie.png?fit=109%2C25&amp;ssl=1\" class=\"size-full wp-image-11113 alignnone\" src=\"https:\/\/i0.wp.com\/throdi.app\/wp-content\/uploads\/2019\/03\/microsoft-logo-has-a-new-look-thepixelweb-33473-kopie.png?resize=109%2C25&#038;ssl=1\" alt=\"\" width=\"109\" height=\"25\"><\/a><\/p>\n<p>&nbsp;<\/p>\n\n<div class=\"wp-block-image is-style-default\"><figure class=\"aligncenter size-large\"><a href=\"https:\/\/i0.wp.com\/throdi.app\/wp-content\/uploads\/2021\/11\/Advantage-EN.001.png?ssl=1\"><img data-recalc-dims=\"1\" loading=\"lazy\" decoding=\"async\" width=\"1024\" height=\"576\" data-attachment-id=\"26643\" data-permalink=\"https:\/\/throdi.app\/fr\/application-throdi-1-0\/advantage-en-001-2\/#main\" data-orig-file=\"https:\/\/i0.wp.com\/throdi.app\/wp-content\/uploads\/2021\/11\/Advantage-EN.001.png?fit=1920%2C1080&amp;ssl=1\" data-orig-size=\"1920,1080\" data-comments-opened=\"1\" data-image-meta=\"{&quot;aperture&quot;:&quot;0&quot;,&quot;credit&quot;:&quot;&quot;,&quot;camera&quot;:&quot;&quot;,&quot;caption&quot;:&quot;&quot;,&quot;created_timestamp&quot;:&quot;0&quot;,&quot;copyright&quot;:&quot;&quot;,&quot;focal_length&quot;:&quot;0&quot;,&quot;iso&quot;:&quot;0&quot;,&quot;shutter_speed&quot;:&quot;0&quot;,&quot;title&quot;:&quot;&quot;,&quot;orientation&quot;:&quot;0&quot;}\" data-image-title=\"Avantage-EN.001\" data-image-description=\"\" data-image-caption=\"\" data-large-file=\"https:\/\/i0.wp.com\/throdi.app\/wp-content\/uploads\/2021\/11\/Advantage-EN.001.png?fit=1024%2C576&amp;ssl=1\" src=\"https:\/\/i0.wp.com\/throdi.app\/wp-content\/uploads\/2021\/11\/Advantage-EN.001.png?resize=1024%2C576&#038;ssl=1\" alt=\"\" class=\"wp-image-26643\" srcset=\"https:\/\/i0.wp.com\/throdi.app\/wp-content\/uploads\/2021\/11\/Advantage-EN.001.png?resize=1024%2C576&amp;ssl=1 1024w, https:\/\/i0.wp.com\/throdi.app\/wp-content\/uploads\/2021\/11\/Advantage-EN.001.png?resize=300%2C169&amp;ssl=1 300w, https:\/\/i0.wp.com\/throdi.app\/wp-content\/uploads\/2021\/11\/Advantage-EN.001.png?resize=150%2C84&amp;ssl=1 150w, https:\/\/i0.wp.com\/throdi.app\/wp-content\/uploads\/2021\/11\/Advantage-EN.001.png?resize=768%2C432&amp;ssl=1 768w, https:\/\/i0.wp.com\/throdi.app\/wp-content\/uploads\/2021\/11\/Advantage-EN.001.png?resize=1536%2C864&amp;ssl=1 1536w, https:\/\/i0.wp.com\/throdi.app\/wp-content\/uploads\/2021\/11\/Advantage-EN.001.png?resize=500%2C281&amp;ssl=1 500w, https:\/\/i0.wp.com\/throdi.app\/wp-content\/uploads\/2021\/11\/Advantage-EN.001.png?resize=800%2C450&amp;ssl=1 800w, https:\/\/i0.wp.com\/throdi.app\/wp-content\/uploads\/2021\/11\/Advantage-EN.001.png?resize=1280%2C720&amp;ssl=1 1280w, https:\/\/i0.wp.com\/throdi.app\/wp-content\/uploads\/2021\/11\/Advantage-EN.001.png?resize=1200%2C675&amp;ssl=1 1200w, https:\/\/i0.wp.com\/throdi.app\/wp-content\/uploads\/2021\/11\/Advantage-EN.001.png?w=1920&amp;ssl=1 1920w\" sizes=\"(max-width: 1024px) 100vw, 1024px\" \/><\/a><\/figure><\/div>\n\n<p class=\"wp-block-paragraph\">D\u00c9MO GRATUITE, Il suffit de quelques clics pour demander une d\u00e9mo personnalis\u00e9e. <a href=\"https:\/\/calendly.com\/pascal-throdi-app\/60min\">Lancer ici<\/a><\/p>\n","protected":false},"excerpt":{"rendered":"<p>l&rsquo; APPLI Throdi Un outil unique pour tout h\u00f4telier \u00e0 la recherche d&rsquo;une efficacit\u00e9 maximale dans un souci de modernisation et de respect des mesures corona. L&rsquo;int\u00e9gration compl\u00e8te des programmes et services dans 1 application : l&rsquo;Appli h\u00f4teli\u00e8re one-stop. Une appli gratuite que chaque client ressent comme tr\u00e8s conviviale et qui regroupe de nombreux services &#8230; <a title=\"l&rsquo;APPLI Throdi\" class=\"read-more\" href=\"https:\/\/throdi.app\/fr\/application-throdi-1-0\/\" aria-label=\"Plus sur l&rsquo;APPLI Throdi\">Read more<\/a><\/p>\n","protected":false},"author":1,"featured_media":0,"parent":0,"menu_order":0,"comment_status":"closed","ping_status":"closed","template":"","meta":{"_coblocks_attr":"","_coblocks_dimensions":"","_coblocks_responsive_height":"","_coblocks_accordion_ie_support":"","_crdt_document":"","_uag_custom_page_level_css":"","advanced_seo_description":"","jetpack_seo_html_title":"","jetpack_seo_noindex":false,"generate_page_header":"","footnotes":""},"class_list":["post-25592","page","type-page","status-publish"],"uagb_featured_image_src":{"full":false,"thumbnail":false,"medium":false,"medium_large":false,"large":false,"1536x1536":false,"2048x2048":false,"newspack-article-block-landscape-large":false,"newspack-article-block-portrait-large":false,"newspack-article-block-square-large":false,"newspack-article-block-landscape-medium":false,"newspack-article-block-portrait-medium":false,"newspack-article-block-square-medium":false,"newspack-article-block-landscape-intermediate":false,"newspack-article-block-portrait-intermediate":false,"newspack-article-block-square-intermediate":false,"newspack-article-block-landscape-small":false,"newspack-article-block-portrait-small":false,"newspack-article-block-square-small":false,"newspack-article-block-landscape-tiny":false,"newspack-article-block-portrait-tiny":false,"newspack-article-block-square-tiny":false,"newspack-article-block-uncropped":false,"awb_sm":false,"awb_md":false,"awb_lg":false,"awb_xl":false},"uagb_author_info":{"display_name":"Throdi app.","author_link":"https:\/\/throdi.app\/fr\/author\/throdihotel1\/"},"uagb_comment_info":0,"uagb_excerpt":"l&rsquo; APPLI Throdi Un outil unique pour tout h\u00f4telier \u00e0 la recherche d&rsquo;une efficacit\u00e9 maximale dans un souci de modernisation et de respect des mesures corona. L&rsquo;int\u00e9gration compl\u00e8te des programmes et services dans 1 application : l&rsquo;Appli h\u00f4teli\u00e8re one-stop. Une appli gratuite que chaque client ressent comme tr\u00e8s conviviale et qui regroupe de nombreux services\u2026","jetpack_sharing_enabled":true,"jetpack_shortlink":"https:\/\/wp.me\/P9oaIP-6EM","jetpack_likes_enabled":true,"amp_enabled":true,"_links":{"self":[{"href":"https:\/\/throdi.app\/fr\/wp-json\/wp\/v2\/pages\/25592","targetHints":{"allow":["GET"]}}],"collection":[{"href":"https:\/\/throdi.app\/fr\/wp-json\/wp\/v2\/pages"}],"about":[{"href":"https:\/\/throdi.app\/fr\/wp-json\/wp\/v2\/types\/page"}],"author":[{"embeddable":true,"href":"https:\/\/throdi.app\/fr\/wp-json\/wp\/v2\/users\/1"}],"replies":[{"embeddable":true,"href":"https:\/\/throdi.app\/fr\/wp-json\/wp\/v2\/comments?post=25592"}],"version-history":[{"count":35,"href":"https:\/\/throdi.app\/fr\/wp-json\/wp\/v2\/pages\/25592\/revisions"}],"predecessor-version":[{"id":27158,"href":"https:\/\/throdi.app\/fr\/wp-json\/wp\/v2\/pages\/25592\/revisions\/27158"}],"wp:attachment":[{"href":"https:\/\/throdi.app\/fr\/wp-json\/wp\/v2\/media?parent=25592"}],"curies":[{"name":"wp","href":"https:\/\/api.w.org\/{rel}","templated":true}]}}