{"id":25777,"date":"2021-11-19T09:57:35","date_gmt":"2021-11-19T08:57:35","guid":{"rendered":"https:\/\/throdi.app\/qui-sommes-nous\/"},"modified":"2021-12-01T09:39:18","modified_gmt":"2021-12-01T08:39:18","slug":"qui-sommes-nous","status":"publish","type":"page","link":"https:\/\/throdi.app\/fr\/qui-sommes-nous\/","title":{"rendered":"Qui sommes nous?"},"content":{"rendered":"<h2>D\u00e9but de Throdi :<\/h2>\n<p>Pascal Hoched\u00e9, lui-m\u00eame h\u00f4telier et PDG de Throdi :<a href=\"https:\/\/i0.wp.com\/throdi.app\/wp-content\/uploads\/2020\/06\/Pascal-e1592120685566.png?ssl=1\"><img data-recalc-dims=\"1\" decoding=\"async\" data-attachment-id=\"18742\" data-permalink=\"https:\/\/throdi.app\/fr\/qui-sommes-nous\/pascal-2\/#main\" data-orig-file=\"https:\/\/i0.wp.com\/throdi.app\/wp-content\/uploads\/2020\/06\/Pascal-e1592120685566.png?fit=50%2C50&amp;ssl=1\" data-orig-size=\"50,50\" data-comments-opened=\"1\" data-image-meta=\"{&quot;aperture&quot;:&quot;0&quot;,&quot;credit&quot;:&quot;&quot;,&quot;camera&quot;:&quot;&quot;,&quot;caption&quot;:&quot;&quot;,&quot;created_timestamp&quot;:&quot;0&quot;,&quot;copyright&quot;:&quot;&quot;,&quot;focal_length&quot;:&quot;0&quot;,&quot;iso&quot;:&quot;0&quot;,&quot;shutter_speed&quot;:&quot;0&quot;,&quot;title&quot;:&quot;&quot;,&quot;orientation&quot;:&quot;0&quot;}\" data-image-title=\"Pascal\" data-image-description=\"\" data-image-caption=\"\" data-large-file=\"https:\/\/i0.wp.com\/throdi.app\/wp-content\/uploads\/2020\/06\/Pascal-e1592120685566.png?fit=50%2C50&amp;ssl=1\" class=\"alignright wp-image-18742\" src=\"https:\/\/i0.wp.com\/throdi.app\/wp-content\/uploads\/2020\/06\/Pascal.png?resize=200%2C200&#038;ssl=1\" alt=\"\" width=\"200\" height=\"200\"><\/a><\/p>\n<p>En 2014, j&rsquo;ai \u00e9t\u00e9 confront\u00e9 pour la premi\u00e8re fois \u00e0 un \u00ab annuaire de chambres \u00bb num\u00e9rique lors d&rsquo;un city trip. Mon int\u00e9r\u00eat a \u00e9t\u00e9 \u00e9veill\u00e9 pour une version plus sophistiqu\u00e9e pour mon propre H\u00f4tel Les Arcades \u00e0 Knokke (B).<\/p>\n<p>Avec des partenaires nationaux et \u00e9trangers, j&rsquo;ai commenc\u00e9 le d\u00e9veloppement d&rsquo;une application h\u00f4teli\u00e8re. J&rsquo;ai pu concr\u00e9tiser mes id\u00e9es en faisant appel \u00e0 des \u00e9tudiants universitaires en Pologne. La fondation du di(rectorat) Th(e) ro(om) a \u00e9t\u00e9 pos\u00e9e \u00e0 Poznan o\u00f9 j&rsquo;ai \u00e9galement fond\u00e9 mon entreprise pour r\u00e9mun\u00e9rer les employ\u00e9s.<\/p>\n<p>Afin de continuer \u00e0 garantir le professionnalisme, j&rsquo;ai conclu un partenariat avec la soci\u00e9t\u00e9 n\u00e9erlandaise\/blanche russe Intosoft. Ici, 75 d\u00e9veloppeurs s&rsquo;occupent quotidiennement du d\u00e9veloppement et du support de l&rsquo;application Throdi.<\/p>\n<p>Entre-temps, Throdi est devenu une application \u00e0 part enti\u00e8re pour donner \u00e0 de nombreux h\u00f4teliers l&rsquo;efficacit\u00e9 et le professionnalisme auxquels ils ont droit. Non seulement l&rsquo;h\u00f4telier, mais aussi le client en profite : un outil convivial pour tous les services de l&rsquo;h\u00f4tel. L&rsquo;application Throdi compl\u00e8te d\u00e9sormais \u00e9galement les mesures corona en respectant plus facilement la distanciation sociale \u00e0 la r\u00e9ception, en limitant les contacts physiques avec les appareils \u00e0 leur propre smartphone, en r\u00e9servant une table au restaurant \u00e0 distance, etc.<\/p>\n<p>L&rsquo;application Throdi est pr\u00eate pour l&rsquo;avenir, aussi bien pour le petit B&amp;B que pour la cha\u00eene h\u00f4teli\u00e8re aux multiples entit\u00e9s.<\/p>\n<p>Avantages d&rsquo;une application mobile<\/p>\n<p>Les avantages de l&rsquo;automatisation mobile pour les h\u00f4tels sont nombreux. Les applications mobiles sont devenues une n\u00e9cessit\u00e9 op\u00e9rationnelle, m\u00eame pour les h\u00f4tels de petite et moyenne taille.<\/p>\n<p>Les d\u00e9veloppements concernant l&rsquo;utilisation et la qualit\u00e9 des applications mobiles se produisent \u00e0 une vitesse fulgurante. En m\u00eame temps, il vous offre en tant qu&rsquo;organisation une plate-forme suppl\u00e9mentaire car de nos jours, tout le monde a un t\u00e9l\u00e9phone portable connect\u00e9 ou non \u00e0 Internet. Et ils ont ce t\u00e9l\u00e9phone avec eux \u00e0 tout moment et n&rsquo;importe o\u00f9, d&rsquo;autant plus important qu&rsquo;ils peuvent \u00e9galement vous trouver via ce canal&nbsp;!<\/p>\n<p>Pourquoi la technologie mobile dans l&rsquo;industrie h\u00f4teli\u00e8re est importante pour votre h\u00f4tel&nbsp;:<\/p>\n<ul>\n<li>enregistrement rapide, d\u00e9part<\/li>\n<li>Contr\u00f4le complet de la chambre pour les clients via des applications mobiles<\/li>\n<li>augmentation des r\u00e9servations en ligne<\/li>\n<li>Moins de charge de travail pour votre concierge<\/li>\n<li>augmentation de la fid\u00e9lit\u00e9 gastrique<\/li>\n<li>Am\u00e9lioration de l&rsquo;efficacit\u00e9 du personnel<\/li>\n<li>gain de temps<\/li>\n<li>Utilisation \u00e0 n&rsquo;importe quel endroit<\/li>\n<li>fonctionnement impeccable<\/li>\n<li>acc\u00e8s rapide aux informations<\/li>\n<li>plus de service et de satisfaction client<\/li>\n<li>aspect professionnel<\/li>\n<li>r\u00e9duction des co\u00fbts<\/li>\n<\/ul>\n<p>Les applications h\u00f4teli\u00e8res mobiles offrent une grande commodit\u00e9 pour le personnel de l&rsquo;h\u00f4tel et les clients.<\/p>\n<h2>Service client plus rapide<\/h2>\n<p>Un probl\u00e8me r\u00e9current dans de nombreux h\u00f4tels est le temps pass\u00e9 \u00e0 r\u00e9pondre aux questions et demandes des clients. Les solutions num\u00e9riques \u00e9liminent cela. Un contact rapide et efficace est primordial.<br \/>\nR\u00e9pondre \u00e0 la tendance<br \/>\nLes t\u00e9l\u00e9phones portables et les smartphones ont un impact extraordinaire sur notre vie quotidienne. Les applications iPhone et Android gagnent de plus en plus de terrain. En tant qu&rsquo;h\u00f4telier, vous ne pouvez pas rester \u00e0 la tra\u00eene de ces \u00e9volutions.<\/p>\n<h2>\u00c9conomies simples<\/h2>\n<p>La mobilit\u00e9 dans le secteur h\u00f4telier permet de gagner du temps et de r\u00e9duire les co\u00fbts d&rsquo;exploitation. Il r\u00e9duit la charge de travail \u00e0 la r\u00e9ception tout en la rendant plus accessible qu&rsquo;auparavant. Votre d\u00e9pendance \u00e0 l&rsquo;\u00e9gard de la main-d&rsquo;\u0153uvre est r\u00e9duite, ce qui vous fait gagner du temps et des co\u00fbts suppl\u00e9mentaires. Vous pouvez \u00e9galement g\u00e9rer plusieurs d\u00e9partements &#8211; entretien m\u00e9nager, marketing, vente incitative, gestion des revenus, etc. Les t\u00e2ches complexes deviennent plus faciles.<\/p>\n<p>Pour mettre en \u0153uvre la mobilit\u00e9 et permettre \u00e0 vos employ\u00e9s d&rsquo;\u00eatre mobiles, vous devez rechercher un PMS intelligent bas\u00e9 sur le cloud qui regroupe la gestion de votre h\u00f4tel sur une plate-forme unique. En tant qu&rsquo;h\u00f4telier, vous devez faire le bon choix pour adopter des applications mobiles pour l&rsquo;h\u00f4tel.<\/p>\n<h2>La r\u00e9volution num\u00e9rique est l\u00e0.<\/h2>\n<p>En tant qu&rsquo;h\u00f4telier, vous ne pouvez certainement pas ignorer le changement de pr\u00e9f\u00e9rence des clients vers les applications h\u00f4teli\u00e8res mobiles. De nombreuses \u00e9tudes font \u00e9tat d&rsquo;une forte mont\u00e9e en puissance de la technologie mobile dans les h\u00f4tels. La mobilit\u00e9, rendue possible par Internet, a chang\u00e9 l&rsquo;industrie h\u00f4teli\u00e8re lorsqu&rsquo;il s&rsquo;agit d&rsquo;interagir avec les clients.[:nl]<\/p>\n","protected":false},"excerpt":{"rendered":"<p>D\u00e9but de Throdi : Pascal Hoched\u00e9, lui-m\u00eame h\u00f4telier et PDG de Throdi : En 2014, j&rsquo;ai \u00e9t\u00e9 confront\u00e9 pour la premi\u00e8re fois \u00e0 un \u00ab annuaire de chambres \u00bb num\u00e9rique lors d&rsquo;un city trip. Mon int\u00e9r\u00eat a \u00e9t\u00e9 \u00e9veill\u00e9 pour une version plus sophistiqu\u00e9e pour mon propre H\u00f4tel Les Arcades \u00e0 Knokke (B). Avec des &#8230; <a title=\"Qui sommes nous?\" class=\"read-more\" href=\"https:\/\/throdi.app\/fr\/qui-sommes-nous\/\" aria-label=\"Plus sur Qui sommes nous?\">Read more<\/a><\/p>\n","protected":false},"author":1,"featured_media":0,"parent":0,"menu_order":1,"comment_status":"closed","ping_status":"closed","template":"","meta":{"_coblocks_attr":"","_coblocks_dimensions":"","_coblocks_responsive_height":"","_coblocks_accordion_ie_support":"","_crdt_document":"","_uag_custom_page_level_css":"","advanced_seo_description":"","jetpack_seo_html_title":"","jetpack_seo_noindex":false,"generate_page_header":"","footnotes":""},"class_list":["post-25777","page","type-page","status-publish"],"uagb_featured_image_src":{"full":false,"thumbnail":false,"medium":false,"medium_large":false,"large":false,"1536x1536":false,"2048x2048":false,"newspack-article-block-landscape-large":false,"newspack-article-block-portrait-large":false,"newspack-article-block-square-large":false,"newspack-article-block-landscape-medium":false,"newspack-article-block-portrait-medium":false,"newspack-article-block-square-medium":false,"newspack-article-block-landscape-intermediate":false,"newspack-article-block-portrait-intermediate":false,"newspack-article-block-square-intermediate":false,"newspack-article-block-landscape-small":false,"newspack-article-block-portrait-small":false,"newspack-article-block-square-small":false,"newspack-article-block-landscape-tiny":false,"newspack-article-block-portrait-tiny":false,"newspack-article-block-square-tiny":false,"newspack-article-block-uncropped":false,"awb_sm":false,"awb_md":false,"awb_lg":false,"awb_xl":false},"uagb_author_info":{"display_name":"Throdi app.","author_link":"https:\/\/throdi.app\/fr\/author\/throdihotel1\/"},"uagb_comment_info":0,"uagb_excerpt":"D\u00e9but de Throdi : Pascal Hoched\u00e9, lui-m\u00eame h\u00f4telier et PDG de Throdi : En 2014, j&rsquo;ai \u00e9t\u00e9 confront\u00e9 pour la premi\u00e8re fois \u00e0 un \u00ab annuaire de chambres \u00bb num\u00e9rique lors d&rsquo;un city trip. Mon int\u00e9r\u00eat a \u00e9t\u00e9 \u00e9veill\u00e9 pour une version plus sophistiqu\u00e9e pour mon propre H\u00f4tel Les Arcades \u00e0 Knokke (B). Avec des\u2026","jetpack_sharing_enabled":true,"jetpack_shortlink":"https:\/\/wp.me\/P9oaIP-6HL","jetpack_likes_enabled":true,"amp_enabled":true,"_links":{"self":[{"href":"https:\/\/throdi.app\/fr\/wp-json\/wp\/v2\/pages\/25777","targetHints":{"allow":["GET"]}}],"collection":[{"href":"https:\/\/throdi.app\/fr\/wp-json\/wp\/v2\/pages"}],"about":[{"href":"https:\/\/throdi.app\/fr\/wp-json\/wp\/v2\/types\/page"}],"author":[{"embeddable":true,"href":"https:\/\/throdi.app\/fr\/wp-json\/wp\/v2\/users\/1"}],"replies":[{"embeddable":true,"href":"https:\/\/throdi.app\/fr\/wp-json\/wp\/v2\/comments?post=25777"}],"version-history":[{"count":1,"href":"https:\/\/throdi.app\/fr\/wp-json\/wp\/v2\/pages\/25777\/revisions"}],"predecessor-version":[{"id":25807,"href":"https:\/\/throdi.app\/fr\/wp-json\/wp\/v2\/pages\/25777\/revisions\/25807"}],"wp:attachment":[{"href":"https:\/\/throdi.app\/fr\/wp-json\/wp\/v2\/media?parent=25777"}],"curies":[{"name":"wp","href":"https:\/\/api.w.org\/{rel}","templated":true}]}}