{"id":25822,"date":"2021-11-19T10:02:31","date_gmt":"2021-11-19T09:02:31","guid":{"rendered":"https:\/\/throdi.app\/entretien-menager\/"},"modified":"2021-11-29T09:58:59","modified_gmt":"2021-11-29T08:58:59","slug":"entretien-menager","status":"publish","type":"page","link":"https:\/\/throdi.app\/fr\/entretien-menager\/","title":{"rendered":"Housekeeping"},"content":{"rendered":"\n<div class=\"wp-block-uagb-advanced-heading uagb-block-08cc49d5 uagb-heading-text\"><h2 class=\"uagb-heading-text\"><strong>Throdi<\/strong><\/h2><div class=\"uagb-separator-wrap\"><div class=\"uagb-separator\"><\/div><\/div><p class=\"uagb-desc-text\">Logiciel d&rsquo;entretien m\u00e9nager<\/p><\/div>\n\n<div class=\"wp-block-columns is-layout-flex wp-container-core-columns-is-layout-8f761849 wp-block-columns-is-layout-flex\">\n<div class=\"wp-block-column is-layout-flow wp-block-column-is-layout-flow\" style=\"flex-basis:50%\">\n<div class=\"wp-block-columns is-layout-flex wp-container-core-columns-is-layout-8f761849 wp-block-columns-is-layout-flex\">\n<div class=\"wp-block-column is-vertically-aligned-center is-layout-flow wp-block-column-is-layout-flow\" style=\"flex-basis:100%\">\n<p class=\"wp-block-paragraph\"><\/p>\n\n\n\n<p class=\"wp-block-paragraph\">Une solution cloud avanc\u00e9e qui utilise les derni\u00e8res technologies pour augmenter la satisfaction des clients et am\u00e9liorer les niveaux de service de l&rsquo;h\u00f4tel. Le tableau de bord Throdi est li\u00e9 \u00e0 votre syst\u00e8me de gestion immobili\u00e8re (PMS).<\/p>\n\n\n\n<p class=\"wp-block-paragraph\">Ici, vous affectez des t\u00e2ches et surveillez l&rsquo;activit\u00e9 des employ\u00e9s. Cette application d&rsquo;entretien m\u00e9nager pratique offre des avantages pour de nombreuses disciplines diff\u00e9rentes dans l&rsquo;h\u00f4tel. Voici quelques exemples par discipline.<\/p>\n<\/div>\n<\/div>\n\n\n\n<p class=\"wp-block-paragraph\"><\/p>\n<\/div>\n\n\n\n<div class=\"wp-block-column is-layout-flow wp-block-column-is-layout-flow\" style=\"flex-basis:50%\">\n<div class=\"wp-block-image is-style-default\"><figure class=\"aligncenter size-full is-resized\"><img data-recalc-dims=\"1\" fetchpriority=\"high\" decoding=\"async\" data-attachment-id=\"21222\" data-permalink=\"https:\/\/throdi.app\/fr\/entretien-menager\/throdi-phone-hand-6-0-en-002-2\/#main\" data-orig-file=\"https:\/\/i0.wp.com\/throdi.app\/wp-content\/uploads\/2020\/10\/Throdi-phone-hand-6.0-EN.002.png?fit=665%2C998&amp;ssl=1\" data-orig-size=\"665,998\" data-comments-opened=\"1\" data-image-meta=\"{&quot;aperture&quot;:&quot;0&quot;,&quot;credit&quot;:&quot;&quot;,&quot;camera&quot;:&quot;&quot;,&quot;caption&quot;:&quot;&quot;,&quot;created_timestamp&quot;:&quot;0&quot;,&quot;copyright&quot;:&quot;&quot;,&quot;focal_length&quot;:&quot;0&quot;,&quot;iso&quot;:&quot;0&quot;,&quot;shutter_speed&quot;:&quot;0&quot;,&quot;title&quot;:&quot;&quot;,&quot;orientation&quot;:&quot;0&quot;}\" data-image-title=\"Throdi main de t\u00e9l\u00e9phone 6.0 EN.002\" data-image-description=\"\" data-image-caption=\"\" data-large-file=\"https:\/\/i0.wp.com\/throdi.app\/wp-content\/uploads\/2020\/10\/Throdi-phone-hand-6.0-EN.002.png?fit=665%2C998&amp;ssl=1\" src=\"https:\/\/i0.wp.com\/throdi.app\/wp-content\/uploads\/2020\/10\/Throdi-phone-hand-6.0-EN.002.png?resize=344%2C516&#038;ssl=1\" alt=\"\" class=\"wp-image-21222\" width=\"344\" height=\"516\" srcset=\"https:\/\/i0.wp.com\/throdi.app\/wp-content\/uploads\/2020\/10\/Throdi-phone-hand-6.0-EN.002.png?w=665&amp;ssl=1 665w, https:\/\/i0.wp.com\/throdi.app\/wp-content\/uploads\/2020\/10\/Throdi-phone-hand-6.0-EN.002.png?resize=200%2C300&amp;ssl=1 200w, https:\/\/i0.wp.com\/throdi.app\/wp-content\/uploads\/2020\/10\/Throdi-phone-hand-6.0-EN.002.png?resize=100%2C150&amp;ssl=1 100w\" sizes=\"(max-width: 344px) 100vw, 344px\" \/><\/figure><\/div>\n<\/div>\n<\/div>\n\n<h3 class=\"wp-block-heading\" id=\"front-desk\">R\u00e9ception :<\/h3>\n\n<ul class=\"wp-block-list\"><li>Tableau de bord enti\u00e8rement \u00e9quip\u00e9 avec l&rsquo;\u00e9tat actuel de la chambre pour toutes les chambresGardez un \u0153il sur les t\u00e2ches de nettoyage et modifiez la priorit\u00e9 du nettoyage des chambres<\/li><li>Emp\u00eache les invit\u00e9s d&rsquo;\u00eatre envoy\u00e9s dans une chambre qui n&rsquo;a pas encore \u00e9t\u00e9 nettoy\u00e9e<\/li><li>Les \u00ab\u00a0Chambres \u00e0 ne pas d\u00e9ranger\u00a0\u00bb sont imm\u00e9diatement visibles \u00e0 la r\u00e9ception<\/li><\/ul>\n<h3 class=\"wp-block-heading\" id=\"housekeeping\">Entretien m\u00e9nager:<\/h3>\n\n<ul class=\"wp-block-list\"><li>Liste personnalis\u00e9e des chambres attribu\u00e9es par employ\u00e9<\/li><li>Signaler un probl\u00e8me technique \u00ab\u00a0en temps r\u00e9el\u00a0\u00bb au Service Technique, avec description et photo si besoin<\/li><li>Fournit une image compl\u00e8te et \u00e0 jour de la progression du nettoyage<\/li><li>Possibilit\u00e9s de chat avec la r\u00e9ception, cela \u00e9vite les nombreux appels t\u00e9l\u00e9phoniques<\/li><\/ul>\n<h3 class=\"wp-block-heading\" id=\"maintenance\">Maintenance:<\/h3>\n\n<ul class=\"wp-block-list\"><li>Notification instantan\u00e9e des probl\u00e8mes techniques entrants<\/li><li>Rapports d\u00e9taill\u00e9s des t\u00e2ches de maintenance d\u00e9j\u00e0 effectu\u00e9es et des erreurs signal\u00e9es en temps r\u00e9el<\/li><\/ul>\n<p class=\"wp-block-paragraph\">En bref, l&rsquo;application d&rsquo;entretien m\u00e9nager Throdi offre une grande commodit\u00e9 pendant le travail \u00e0 l&rsquo;h\u00f4tel.<\/p>\n\n<div class=\"wp-block-image is-style-default\"><figure class=\"aligncenter\"><a href=\"https:\/\/i0.wp.com\/throdi.app\/wp-content\/uploads\/2020\/10\/Housekeeping.004.png?ssl=1\"><img data-recalc-dims=\"1\" decoding=\"async\" width=\"1200\" height=\"675\" data-attachment-id=\"21814\" data-permalink=\"https:\/\/throdi.app\/fr\/entretien-menager\/housekeeping-004-2\/#main\" data-orig-file=\"https:\/\/i0.wp.com\/throdi.app\/wp-content\/uploads\/2020\/10\/Housekeeping.004.png?fit=1920%2C1080&amp;ssl=1\" data-orig-size=\"1920,1080\" data-comments-opened=\"1\" data-image-meta=\"{&quot;aperture&quot;:&quot;0&quot;,&quot;credit&quot;:&quot;&quot;,&quot;camera&quot;:&quot;&quot;,&quot;caption&quot;:&quot;&quot;,&quot;created_timestamp&quot;:&quot;0&quot;,&quot;copyright&quot;:&quot;&quot;,&quot;focal_length&quot;:&quot;0&quot;,&quot;iso&quot;:&quot;0&quot;,&quot;shutter_speed&quot;:&quot;0&quot;,&quot;title&quot;:&quot;&quot;,&quot;orientation&quot;:&quot;0&quot;}\" data-image-title=\"M\u00e9nage.004\" data-image-description=\"\" data-image-caption=\"\" data-large-file=\"https:\/\/i0.wp.com\/throdi.app\/wp-content\/uploads\/2020\/10\/Housekeeping.004.png?fit=1024%2C576&amp;ssl=1\" src=\"https:\/\/i0.wp.com\/throdi.app\/wp-content\/uploads\/2020\/10\/Housekeeping.004.png?resize=1200%2C675&#038;ssl=1\" alt=\"\" class=\"wp-image-21814\" srcset=\"https:\/\/i0.wp.com\/throdi.app\/wp-content\/uploads\/2020\/10\/Housekeeping.004.png?w=1920&amp;ssl=1 1920w, https:\/\/i0.wp.com\/throdi.app\/wp-content\/uploads\/2020\/10\/Housekeeping.004.png?resize=300%2C169&amp;ssl=1 300w, https:\/\/i0.wp.com\/throdi.app\/wp-content\/uploads\/2020\/10\/Housekeeping.004.png?resize=1024%2C576&amp;ssl=1 1024w, https:\/\/i0.wp.com\/throdi.app\/wp-content\/uploads\/2020\/10\/Housekeeping.004.png?resize=150%2C84&amp;ssl=1 150w, https:\/\/i0.wp.com\/throdi.app\/wp-content\/uploads\/2020\/10\/Housekeeping.004.png?resize=768%2C432&amp;ssl=1 768w, https:\/\/i0.wp.com\/throdi.app\/wp-content\/uploads\/2020\/10\/Housekeeping.004.png?resize=1536%2C864&amp;ssl=1 1536w, https:\/\/i0.wp.com\/throdi.app\/wp-content\/uploads\/2020\/10\/Housekeeping.004.png?resize=1200%2C675&amp;ssl=1 1200w\" sizes=\"(max-width: 1200px) 100vw, 1200px\" \/><\/a><\/figure><\/div>\n\n<p class=\"wp-block-paragraph\">La femme de m\u00e9nage obtient ses t\u00e2ches personnelles<\/p>\n\n<div class=\"wp-block-image is-style-default\"><figure class=\"aligncenter\"><a href=\"https:\/\/i0.wp.com\/throdi.app\/wp-content\/uploads\/2020\/10\/Housekeeping.005.png?ssl=1\"><img data-recalc-dims=\"1\" decoding=\"async\" width=\"1200\" height=\"675\" data-attachment-id=\"21822\" data-permalink=\"https:\/\/throdi.app\/fr\/entretien-menager\/housekeeping-005-2\/#main\" data-orig-file=\"https:\/\/i0.wp.com\/throdi.app\/wp-content\/uploads\/2020\/10\/Housekeeping.005.png?fit=1920%2C1080&amp;ssl=1\" data-orig-size=\"1920,1080\" data-comments-opened=\"1\" data-image-meta=\"{&quot;aperture&quot;:&quot;0&quot;,&quot;credit&quot;:&quot;&quot;,&quot;camera&quot;:&quot;&quot;,&quot;caption&quot;:&quot;&quot;,&quot;created_timestamp&quot;:&quot;0&quot;,&quot;copyright&quot;:&quot;&quot;,&quot;focal_length&quot;:&quot;0&quot;,&quot;iso&quot;:&quot;0&quot;,&quot;shutter_speed&quot;:&quot;0&quot;,&quot;title&quot;:&quot;&quot;,&quot;orientation&quot;:&quot;0&quot;}\" data-image-title=\"M\u00e9nage.005\" data-image-description=\"\" data-image-caption=\"\" data-large-file=\"https:\/\/i0.wp.com\/throdi.app\/wp-content\/uploads\/2020\/10\/Housekeeping.005.png?fit=1024%2C576&amp;ssl=1\" src=\"https:\/\/i0.wp.com\/throdi.app\/wp-content\/uploads\/2020\/10\/Housekeeping.005.png?resize=1200%2C675&#038;ssl=1\" alt=\"\" class=\"wp-image-21822\" srcset=\"https:\/\/i0.wp.com\/throdi.app\/wp-content\/uploads\/2020\/10\/Housekeeping.005.png?w=1920&amp;ssl=1 1920w, https:\/\/i0.wp.com\/throdi.app\/wp-content\/uploads\/2020\/10\/Housekeeping.005.png?resize=300%2C169&amp;ssl=1 300w, https:\/\/i0.wp.com\/throdi.app\/wp-content\/uploads\/2020\/10\/Housekeeping.005.png?resize=1024%2C576&amp;ssl=1 1024w, https:\/\/i0.wp.com\/throdi.app\/wp-content\/uploads\/2020\/10\/Housekeeping.005.png?resize=150%2C84&amp;ssl=1 150w, https:\/\/i0.wp.com\/throdi.app\/wp-content\/uploads\/2020\/10\/Housekeeping.005.png?resize=768%2C432&amp;ssl=1 768w, https:\/\/i0.wp.com\/throdi.app\/wp-content\/uploads\/2020\/10\/Housekeeping.005.png?resize=1536%2C864&amp;ssl=1 1536w, https:\/\/i0.wp.com\/throdi.app\/wp-content\/uploads\/2020\/10\/Housekeeping.005.png?resize=1200%2C675&amp;ssl=1 1200w\" sizes=\"(max-width: 1200px) 100vw, 1200px\" \/><\/a><\/figure><\/div>\n\n<p class=\"wp-block-paragraph\">La pi\u00e8ce est pr\u00eate \u00e0 l&#8217;emploi, la gouvernante marque, la r\u00e9ception voit que la pi\u00e8ce est pr\u00eate et la r\u00e9ception et la gouvernante peuvent envoyer un message push.<\/p>\n\n<div class=\"wp-block-image is-style-default\"><figure class=\"aligncenter\"><a href=\"https:\/\/i0.wp.com\/throdi.app\/wp-content\/uploads\/2020\/10\/Housekeeping.006.png?ssl=1\"><img data-recalc-dims=\"1\" loading=\"lazy\" decoding=\"async\" width=\"1200\" height=\"675\" data-attachment-id=\"21830\" data-permalink=\"https:\/\/throdi.app\/fr\/entretien-menager\/housekeeping-006-2\/#main\" data-orig-file=\"https:\/\/i0.wp.com\/throdi.app\/wp-content\/uploads\/2020\/10\/Housekeeping.006.png?fit=1920%2C1080&amp;ssl=1\" data-orig-size=\"1920,1080\" data-comments-opened=\"1\" data-image-meta=\"{&quot;aperture&quot;:&quot;0&quot;,&quot;credit&quot;:&quot;&quot;,&quot;camera&quot;:&quot;&quot;,&quot;caption&quot;:&quot;&quot;,&quot;created_timestamp&quot;:&quot;0&quot;,&quot;copyright&quot;:&quot;&quot;,&quot;focal_length&quot;:&quot;0&quot;,&quot;iso&quot;:&quot;0&quot;,&quot;shutter_speed&quot;:&quot;0&quot;,&quot;title&quot;:&quot;&quot;,&quot;orientation&quot;:&quot;0&quot;}\" data-image-title=\"M\u00e9nage.006\" data-image-description=\"\" data-image-caption=\"\" data-large-file=\"https:\/\/i0.wp.com\/throdi.app\/wp-content\/uploads\/2020\/10\/Housekeeping.006.png?fit=1024%2C576&amp;ssl=1\" src=\"https:\/\/i0.wp.com\/throdi.app\/wp-content\/uploads\/2020\/10\/Housekeeping.006.png?resize=1200%2C675&#038;ssl=1\" alt=\"\" class=\"wp-image-21830\" srcset=\"https:\/\/i0.wp.com\/throdi.app\/wp-content\/uploads\/2020\/10\/Housekeeping.006.png?w=1920&amp;ssl=1 1920w, https:\/\/i0.wp.com\/throdi.app\/wp-content\/uploads\/2020\/10\/Housekeeping.006.png?resize=300%2C169&amp;ssl=1 300w, https:\/\/i0.wp.com\/throdi.app\/wp-content\/uploads\/2020\/10\/Housekeeping.006.png?resize=1024%2C576&amp;ssl=1 1024w, https:\/\/i0.wp.com\/throdi.app\/wp-content\/uploads\/2020\/10\/Housekeeping.006.png?resize=150%2C84&amp;ssl=1 150w, https:\/\/i0.wp.com\/throdi.app\/wp-content\/uploads\/2020\/10\/Housekeeping.006.png?resize=768%2C432&amp;ssl=1 768w, https:\/\/i0.wp.com\/throdi.app\/wp-content\/uploads\/2020\/10\/Housekeeping.006.png?resize=1536%2C864&amp;ssl=1 1536w, https:\/\/i0.wp.com\/throdi.app\/wp-content\/uploads\/2020\/10\/Housekeeping.006.png?resize=1200%2C675&amp;ssl=1 1200w\" sizes=\"(max-width: 1200px) 100vw, 1200px\" \/><\/a><\/figure><\/div>\n\n<h1 class=\"wp-block-heading\" id=\"icon-name-arrow-circle-o-left-class-unprefixed-class\"><span style=\"color: #55586d;\"><a style=\"color: #55586d;\" href=\"https:\/\/throdi.app\/fr\/\"><i class=\"fa fa-arrow-circle-o-left \" ><\/i><\/a><\/span><\/h1>\n","protected":false},"excerpt":{"rendered":"<p>Throdi Logiciel d&rsquo;entretien m\u00e9nager Une solution cloud avanc\u00e9e qui utilise les derni\u00e8res technologies pour augmenter la satisfaction des clients et am\u00e9liorer les niveaux de service de l&rsquo;h\u00f4tel. Le tableau de bord Throdi est li\u00e9 \u00e0 votre syst\u00e8me de gestion immobili\u00e8re (PMS). Ici, vous affectez des t\u00e2ches et surveillez l&rsquo;activit\u00e9 des employ\u00e9s. Cette application d&rsquo;entretien m\u00e9nager &#8230; <a title=\"Housekeeping\" class=\"read-more\" href=\"https:\/\/throdi.app\/fr\/entretien-menager\/\" aria-label=\"Plus sur Housekeeping\">Read more<\/a><\/p>\n","protected":false},"author":1,"featured_media":0,"parent":0,"menu_order":4,"comment_status":"closed","ping_status":"closed","template":"","meta":{"_coblocks_attr":"","_coblocks_dimensions":"","_coblocks_responsive_height":"","_coblocks_accordion_ie_support":"","_crdt_document":"","_uag_custom_page_level_css":"","advanced_seo_description":"","jetpack_seo_html_title":"","jetpack_seo_noindex":false,"generate_page_header":"","footnotes":""},"class_list":["post-25822","page","type-page","status-publish"],"uagb_featured_image_src":{"full":false,"thumbnail":false,"medium":false,"medium_large":false,"large":false,"1536x1536":false,"2048x2048":false,"newspack-article-block-landscape-large":false,"newspack-article-block-portrait-large":false,"newspack-article-block-square-large":false,"newspack-article-block-landscape-medium":false,"newspack-article-block-portrait-medium":false,"newspack-article-block-square-medium":false,"newspack-article-block-landscape-intermediate":false,"newspack-article-block-portrait-intermediate":false,"newspack-article-block-square-intermediate":false,"newspack-article-block-landscape-small":false,"newspack-article-block-portrait-small":false,"newspack-article-block-square-small":false,"newspack-article-block-landscape-tiny":false,"newspack-article-block-portrait-tiny":false,"newspack-article-block-square-tiny":false,"newspack-article-block-uncropped":false,"awb_sm":false,"awb_md":false,"awb_lg":false,"awb_xl":false},"uagb_author_info":{"display_name":"Throdi app.","author_link":"https:\/\/throdi.app\/fr\/author\/throdihotel1\/"},"uagb_comment_info":0,"uagb_excerpt":"Throdi Logiciel d&rsquo;entretien m\u00e9nager Une solution cloud avanc\u00e9e qui utilise les derni\u00e8res technologies pour augmenter la satisfaction des clients et am\u00e9liorer les niveaux de service de l&rsquo;h\u00f4tel. Le tableau de bord Throdi est li\u00e9 \u00e0 votre syst\u00e8me de gestion immobili\u00e8re (PMS). Ici, vous affectez des t\u00e2ches et surveillez l&rsquo;activit\u00e9 des employ\u00e9s. Cette application d&rsquo;entretien m\u00e9nager\u2026","jetpack_sharing_enabled":true,"jetpack_shortlink":"https:\/\/wp.me\/P9oaIP-6Iu","jetpack_likes_enabled":true,"amp_enabled":true,"_links":{"self":[{"href":"https:\/\/throdi.app\/fr\/wp-json\/wp\/v2\/pages\/25822","targetHints":{"allow":["GET"]}}],"collection":[{"href":"https:\/\/throdi.app\/fr\/wp-json\/wp\/v2\/pages"}],"about":[{"href":"https:\/\/throdi.app\/fr\/wp-json\/wp\/v2\/types\/page"}],"author":[{"embeddable":true,"href":"https:\/\/throdi.app\/fr\/wp-json\/wp\/v2\/users\/1"}],"replies":[{"embeddable":true,"href":"https:\/\/throdi.app\/fr\/wp-json\/wp\/v2\/comments?post=25822"}],"version-history":[{"count":13,"href":"https:\/\/throdi.app\/fr\/wp-json\/wp\/v2\/pages\/25822\/revisions"}],"predecessor-version":[{"id":26910,"href":"https:\/\/throdi.app\/fr\/wp-json\/wp\/v2\/pages\/25822\/revisions\/26910"}],"wp:attachment":[{"href":"https:\/\/throdi.app\/fr\/wp-json\/wp\/v2\/media?parent=25822"}],"curies":[{"name":"wp","href":"https:\/\/api.w.org\/{rel}","templated":true}]}}