{"id":27007,"date":"2021-11-29T16:35:40","date_gmt":"2021-11-29T15:35:40","guid":{"rendered":"https:\/\/throdi.app\/revoir\/"},"modified":"2021-12-01T10:26:33","modified_gmt":"2021-12-01T09:26:33","slug":"revoir","status":"publish","type":"page","link":"https:\/\/throdi.app\/fr\/revoir\/","title":{"rendered":"Review"},"content":{"rendered":"\n<div class=\"wp-block-uagb-advanced-heading uagb-block-766613df uagb-heading-text\"><h2 class=\"uagb-heading-text\"><strong>Review<\/strong><\/h2><div class=\"uagb-separator-wrap\"><div class=\"uagb-separator\"><\/div><\/div><p class=\"uagb-desc-text\">EXTERNALISEZ LES R\u00c9PONSES \u00c0 VOS AVIS<br\/>\u00c0 UNE \u00c9QUIPE QUI LES TRANSFORME EN VENTE !<\/p><\/div>\n\n<p class=\"has-medium-font-size wp-block-paragraph\">Au moment du d\u00e9part, les clients peuvent choisir volontairement d&rsquo;\u00e9valuer leur s\u00e9jour via l&rsquo;APPLI.<br\/>Le questionnaire est cr\u00e9\u00e9 par l&rsquo;h\u00f4telier et est personnalisable \u00e0 tout moment.<\/p>\n\n<p class=\"has-medium-font-size wp-block-paragraph\">Voici les diff\u00e9rentes possibilit\u00e9s de questions :<\/p>\n\n<div class=\"wp-block-image is-style-default\"><figure class=\"aligncenter size-large\"><a href=\"https:\/\/i0.wp.com\/throdi.app\/wp-content\/uploads\/2021\/11\/Ihone-review-EN.png?ssl=1\"><img data-recalc-dims=\"1\" fetchpriority=\"high\" decoding=\"async\" width=\"1024\" height=\"576\" data-attachment-id=\"26944\" data-permalink=\"https:\/\/throdi.app\/fr\/?attachment_id=26944#main\" data-orig-file=\"https:\/\/i0.wp.com\/throdi.app\/wp-content\/uploads\/2021\/11\/Ihone-review-EN.png?fit=1920%2C1080&amp;ssl=1\" data-orig-size=\"1920,1080\" data-comments-opened=\"1\" data-image-meta=\"{&quot;aperture&quot;:&quot;0&quot;,&quot;credit&quot;:&quot;&quot;,&quot;camera&quot;:&quot;&quot;,&quot;caption&quot;:&quot;&quot;,&quot;created_timestamp&quot;:&quot;0&quot;,&quot;copyright&quot;:&quot;&quot;,&quot;focal_length&quot;:&quot;0&quot;,&quot;iso&quot;:&quot;0&quot;,&quot;shutter_speed&quot;:&quot;0&quot;,&quot;title&quot;:&quot;&quot;,&quot;orientation&quot;:&quot;0&quot;}\" data-image-title=\"Ihone-review-FR\" data-image-description=\"\" data-image-caption=\"\" data-large-file=\"https:\/\/i0.wp.com\/throdi.app\/wp-content\/uploads\/2021\/11\/Ihone-review-EN.png?fit=1024%2C576&amp;ssl=1\" src=\"https:\/\/i0.wp.com\/throdi.app\/wp-content\/uploads\/2021\/11\/Ihone-review-EN-1024x576.png?resize=1024%2C576&#038;ssl=1\" alt=\"\" class=\"wp-image-26944\" srcset=\"https:\/\/i0.wp.com\/throdi.app\/wp-content\/uploads\/2021\/11\/Ihone-review-EN.png?resize=1024%2C576&amp;ssl=1 1024w, https:\/\/i0.wp.com\/throdi.app\/wp-content\/uploads\/2021\/11\/Ihone-review-EN.png?resize=300%2C169&amp;ssl=1 300w, https:\/\/i0.wp.com\/throdi.app\/wp-content\/uploads\/2021\/11\/Ihone-review-EN.png?resize=150%2C84&amp;ssl=1 150w, https:\/\/i0.wp.com\/throdi.app\/wp-content\/uploads\/2021\/11\/Ihone-review-EN.png?resize=768%2C432&amp;ssl=1 768w, https:\/\/i0.wp.com\/throdi.app\/wp-content\/uploads\/2021\/11\/Ihone-review-EN.png?resize=1536%2C864&amp;ssl=1 1536w, https:\/\/i0.wp.com\/throdi.app\/wp-content\/uploads\/2021\/11\/Ihone-review-EN.png?resize=500%2C281&amp;ssl=1 500w, https:\/\/i0.wp.com\/throdi.app\/wp-content\/uploads\/2021\/11\/Ihone-review-EN.png?resize=800%2C450&amp;ssl=1 800w, https:\/\/i0.wp.com\/throdi.app\/wp-content\/uploads\/2021\/11\/Ihone-review-EN.png?resize=1280%2C720&amp;ssl=1 1280w, https:\/\/i0.wp.com\/throdi.app\/wp-content\/uploads\/2021\/11\/Ihone-review-EN.png?resize=1200%2C675&amp;ssl=1 1200w, https:\/\/i0.wp.com\/throdi.app\/wp-content\/uploads\/2021\/11\/Ihone-review-EN.png?w=1920&amp;ssl=1 1920w\" sizes=\"(max-width: 1024px) 100vw, 1024px\" \/><\/a><\/figure><\/div>\n\n<p class=\"has-medium-font-size wp-block-paragraph\">Questions r\u00e9pondues. Par d\u00e9faut, vous pouvez prendre des statistiques, par r\u00e9ponse donn\u00e9e ou sur une p\u00e9riode de temps.<\/p>\n\n<div class=\"wp-block-image is-style-default\"><figure class=\"aligncenter size-large\"><a href=\"https:\/\/i0.wp.com\/throdi.app\/wp-content\/uploads\/2021\/11\/Imac-answer-EN.png?ssl=1\"><img data-recalc-dims=\"1\" decoding=\"async\" width=\"1024\" height=\"576\" data-attachment-id=\"26949\" data-permalink=\"https:\/\/throdi.app\/fr\/?attachment_id=26949#main\" data-orig-file=\"https:\/\/i0.wp.com\/throdi.app\/wp-content\/uploads\/2021\/11\/Imac-answer-EN.png?fit=1920%2C1080&amp;ssl=1\" data-orig-size=\"1920,1080\" data-comments-opened=\"1\" data-image-meta=\"{&quot;aperture&quot;:&quot;0&quot;,&quot;credit&quot;:&quot;&quot;,&quot;camera&quot;:&quot;&quot;,&quot;caption&quot;:&quot;&quot;,&quot;created_timestamp&quot;:&quot;0&quot;,&quot;copyright&quot;:&quot;&quot;,&quot;focal_length&quot;:&quot;0&quot;,&quot;iso&quot;:&quot;0&quot;,&quot;shutter_speed&quot;:&quot;0&quot;,&quot;title&quot;:&quot;&quot;,&quot;orientation&quot;:&quot;0&quot;}\" data-image-title=\"Imac-answer-FR\" data-image-description=\"\" data-image-caption=\"\" data-large-file=\"https:\/\/i0.wp.com\/throdi.app\/wp-content\/uploads\/2021\/11\/Imac-answer-EN.png?fit=1024%2C576&amp;ssl=1\" src=\"https:\/\/i0.wp.com\/throdi.app\/wp-content\/uploads\/2021\/11\/Imac-answer-EN-1024x576.png?resize=1024%2C576&#038;ssl=1\" alt=\"\" class=\"wp-image-26949\" srcset=\"https:\/\/i0.wp.com\/throdi.app\/wp-content\/uploads\/2021\/11\/Imac-answer-EN.png?resize=1024%2C576&amp;ssl=1 1024w, https:\/\/i0.wp.com\/throdi.app\/wp-content\/uploads\/2021\/11\/Imac-answer-EN.png?resize=300%2C169&amp;ssl=1 300w, https:\/\/i0.wp.com\/throdi.app\/wp-content\/uploads\/2021\/11\/Imac-answer-EN.png?resize=150%2C84&amp;ssl=1 150w, https:\/\/i0.wp.com\/throdi.app\/wp-content\/uploads\/2021\/11\/Imac-answer-EN.png?resize=768%2C432&amp;ssl=1 768w, https:\/\/i0.wp.com\/throdi.app\/wp-content\/uploads\/2021\/11\/Imac-answer-EN.png?resize=1536%2C864&amp;ssl=1 1536w, https:\/\/i0.wp.com\/throdi.app\/wp-content\/uploads\/2021\/11\/Imac-answer-EN.png?resize=500%2C281&amp;ssl=1 500w, https:\/\/i0.wp.com\/throdi.app\/wp-content\/uploads\/2021\/11\/Imac-answer-EN.png?resize=800%2C450&amp;ssl=1 800w, https:\/\/i0.wp.com\/throdi.app\/wp-content\/uploads\/2021\/11\/Imac-answer-EN.png?resize=1280%2C720&amp;ssl=1 1280w, https:\/\/i0.wp.com\/throdi.app\/wp-content\/uploads\/2021\/11\/Imac-answer-EN.png?resize=1200%2C675&amp;ssl=1 1200w, https:\/\/i0.wp.com\/throdi.app\/wp-content\/uploads\/2021\/11\/Imac-answer-EN.png?w=1920&amp;ssl=1 1920w\" sizes=\"(max-width: 1024px) 100vw, 1024px\" \/><\/a><\/figure><\/div>\n\n<p class=\"has-medium-font-size wp-block-paragraph\">Si vous choisissez d&rsquo;avoir une r\u00e9ponse \u00e0 l&rsquo;avis, cela peut \u00eatre fait gr\u00e2ce \u00e0 un partenariat avec Hotelspeaker.*<\/p>\n\n<p class=\"has-small-font-size wp-block-paragraph\">*(R\u00e9pondre aux avis est facultatif)<\/p>\n\n<p class=\"wp-block-paragraph\">Les futurs clients se fient aux avis et \u00e0 leurs r\u00e9ponses plus que toute autre chose. R\u00e9pondre aux avis montre que l&rsquo;h\u00f4tel se soucie des commentaires des clients. <\/p>\n\n<p class=\"wp-block-paragraph\">Ce qui est dit \u00e0 un client indique \u00e0 tous les autres comment il peut s&rsquo;attendre \u00e0 \u00eatre trait\u00e9 par votre h\u00f4tel et <strong>augmente la volont\u00e9 de r\u00e9server<\/strong> .<\/p>\n\n<p class=\"wp-block-paragraph\">R\u00e9pondre rapidement et personnellement, dans la langue du client et avec le ton de voix qui refl\u00e8te le positionnement de l&rsquo;entreprise est un ART.<\/p>\n\n<p class=\"wp-block-paragraph\">Notre service propose : <\/p>\n\n<ul class=\"wp-block-list\"><li>Coh\u00e9rence dans vos r\u00e9ponses d&rsquo;examen \u00e0 travers les plates-formes et les pays, en synchronisation avec vos directives de communication <\/li><li>R\u00e9ponses uniques &amp; personnalis\u00e9es (pas de templates) pour maximiser l&rsquo;impact sur le chiffre d&rsquo;affaires, style de communication adapt\u00e9 aux diff\u00e9rents pays &amp; h\u00f4tels<\/li><li>24\/7, dans toutes les langues, pr\u00e9sent\u00e9 sur une plateforme conviviale<\/li><li>Aper\u00e7u des hauts et des tongs mentionn\u00e9s dans les avis<\/li><li>Lib\u00e9rer un temps pr\u00e9cieux pour le personnel de l&rsquo;h\u00f4tel. Du temps qui peut \u00eatre investi dans le client ou pour r\u00e9soudre les probl\u00e8mes soulev\u00e9s dans les avis. <\/li><\/ul>\n<p class=\"wp-block-paragraph\">En r\u00e9pondant : <\/p>\n\n<ul class=\"wp-block-list\"><li>Vous fermez le cycle du service client : les clients veulent que leur voix soit entendue et ils veulent \u00eatre remerci\u00e9s<\/li><li>Vous vous concentrez sur les relations publiques ! Les r\u00e9ponses \u00e9crites sont <strong>destin\u00e9es \u00e0 tous les futurs clients potentiels et<\/strong> <strong>influenceront leur d\u00e9cision de r\u00e9servation.<\/strong> Ce qui est dit \u00e0 un client indique \u00e0 tous les autres comment il peut s&rsquo;attendre \u00e0 \u00eatre trait\u00e9 par votre h\u00f4tel<\/li><li>Vous avez de la publicit\u00e9 gratuite sur certaines des plateformes les plus influentes et les plus visibles gr\u00e2ce aux r\u00e9ponses aux avis <\/li><li>Vous avez la chance de reconqu\u00e9rir un consommateur perdu <\/li><\/ul>\n<p class=\"wp-block-paragraph\">Une \u00e9tude de Medallia r\u00e9v\u00e8le que les h\u00f4tels qui r\u00e9pondent aux avis sur les r\u00e9seaux sociaux augmentent leurs taux d&rsquo;occupation plus rapidement que les retardataires des r\u00e9seaux sociaux<\/p>\n\n<h5 class=\"wp-block-heading\" id=\"https-www-medallia-com-press-release-responding-social-media-boosts-companys-bottom-line-new-research-finds\"><a href=\"https:\/\/www.medallia.com\/press-release\/responding-social-media-boosts-companys-bottom-line-new-research-finds\/\" rel=\"nofollow\">https:\/\/www.medallia.com\/press-release\/responding-social-media-boosts-companys-bottom-line-new-research-finds\/<\/a><\/h5>\n\n<p class=\"has-medium-font-size wp-block-paragraph\">Comment \u00e7a fonctionne:<\/p>\n\n<div class=\"wp-block-group is-content-justification-center is-layout-flex wp-container-core-group-is-layout-df6d44b6 wp-block-group-is-layout-flex\">\n<figure class=\"wp-block-table is-style-stripes\"><table class=\"has-background has-fixed-layout\" style=\"background-color:#ffffff\"><tbody><tr><td>01\/  <br\/>NOUS CAPTUREONS DES INFORMATIONS QUI PERMETTENT DES R\u00c9PONSES PERSONNELLES<\/td><td>02\/  <br\/>NOUS CAPTUREONS TOUS LES AVIS EXTERNES ET INTERNES<br\/><\/td><td>03\/<br\/>NOUS R\u00c9PONDONS<br\/><br\/><br\/><\/td><td>04\/  <br\/>VOUS GARDEZ LE CONTR\u00d4LE !<br\/><br\/><\/td><td>05\/<br\/>LES R\u00c9PONSES SONT PUBLI\u00c9ES<br\/><br\/><\/td><\/tr><tr><td>Caract\u00e9ristiques de l&rsquo;entreprise Instructions de communication sp\u00e9cifiques (tonalit\u00e9 de la voix, infos sp\u00e9ciales,\u2026)T\u00e9l\u00e9chargement de l&rsquo;info dans notre plateforme<br\/><br\/><br\/><br\/><\/td><td>Recherche de nouveaux avis sur toutes les plateformes : Google, Booking, Tripadvisor, Trustyou, Facebook,..<br\/>Nous pouvons filtrer les avis auxquels vous souhaitez r\u00e9pondre (en fonction de la source, du score ou de la longueur du message)<br\/><\/td><td>Nous fournissons une r\u00e9ponse personnalis\u00e9e et unique dans la m\u00eame langue que l&rsquo;avis<br\/><br\/><br\/><br\/><br\/><br\/><\/td><td>Le gestionnaire approuve sur notre tableau de bord convivial (ce processus peut \u00eatre automatis\u00e9)<br\/>Vous recevez un aper\u00e7u de l&rsquo;humeur de tous les avis re\u00e7us, des tops et des flops, des langues d&rsquo;avis utilis\u00e9es (globales et par h\u00f4tel)<\/td><td>Nous publions la r\u00e9ponse approuv\u00e9e sur le site d&rsquo;origine de l&rsquo;examen<br\/><br\/><br\/><br\/><br\/><br\/><br\/><\/td><\/tr><\/tbody><\/table><\/figure><\/div>\n\n<pre class=\"wp-block-verse has-text-align-center has-text-color has-background\" style=\"background-color:#fcb900;color:#000000\">TERMIN\u00c9 !\nDes heures de temps gagn\u00e9es !\nR\u00e9putation sous contr\u00f4le.\nLe cycle client a \u00e9t\u00e9 cl\u00f4tur\u00e9 qualitativement.\nLe chiffre d'affaires futur est \u00e9crit !<\/pre>\n\n<p class=\"has-medium-font-size wp-block-paragraph\">La r\u00e9ponse est envoy\u00e9e par message push sur l&rsquo;appareil du client.<\/p>\n\n<p class=\"wp-block-paragraph\">Exemple d&rsquo;avis positif et n\u00e9gatif<\/p>\n\n<figure class=\"wp-block-image size-large is-style-default\"><a href=\"https:\/\/i0.wp.com\/throdi.app\/wp-content\/uploads\/2021\/11\/Answer-EN.png?ssl=1\"><img data-recalc-dims=\"1\" decoding=\"async\" width=\"1024\" height=\"576\" data-attachment-id=\"26971\" data-permalink=\"https:\/\/throdi.app\/fr\/?attachment_id=26971#main\" data-orig-file=\"https:\/\/i0.wp.com\/throdi.app\/wp-content\/uploads\/2021\/11\/Answer-EN.png?fit=1920%2C1080&amp;ssl=1\" data-orig-size=\"1920,1080\" data-comments-opened=\"1\" data-image-meta=\"{&quot;aperture&quot;:&quot;0&quot;,&quot;credit&quot;:&quot;&quot;,&quot;camera&quot;:&quot;&quot;,&quot;caption&quot;:&quot;&quot;,&quot;created_timestamp&quot;:&quot;0&quot;,&quot;copyright&quot;:&quot;&quot;,&quot;focal_length&quot;:&quot;0&quot;,&quot;iso&quot;:&quot;0&quot;,&quot;shutter_speed&quot;:&quot;0&quot;,&quot;title&quot;:&quot;&quot;,&quot;orientation&quot;:&quot;0&quot;}\" data-image-title=\"Answer-FR\" data-image-description=\"\" data-image-caption=\"\" data-large-file=\"https:\/\/i0.wp.com\/throdi.app\/wp-content\/uploads\/2021\/11\/Answer-EN.png?fit=1024%2C576&amp;ssl=1\" src=\"https:\/\/i0.wp.com\/throdi.app\/wp-content\/uploads\/2021\/11\/Answer-EN-1024x576.png?resize=1024%2C576&#038;ssl=1\" alt=\"\" class=\"wp-image-26971\" srcset=\"https:\/\/i0.wp.com\/throdi.app\/wp-content\/uploads\/2021\/11\/Answer-EN.png?resize=1024%2C576&amp;ssl=1 1024w, https:\/\/i0.wp.com\/throdi.app\/wp-content\/uploads\/2021\/11\/Answer-EN.png?resize=300%2C169&amp;ssl=1 300w, https:\/\/i0.wp.com\/throdi.app\/wp-content\/uploads\/2021\/11\/Answer-EN.png?resize=150%2C84&amp;ssl=1 150w, https:\/\/i0.wp.com\/throdi.app\/wp-content\/uploads\/2021\/11\/Answer-EN.png?resize=768%2C432&amp;ssl=1 768w, https:\/\/i0.wp.com\/throdi.app\/wp-content\/uploads\/2021\/11\/Answer-EN.png?resize=1536%2C864&amp;ssl=1 1536w, https:\/\/i0.wp.com\/throdi.app\/wp-content\/uploads\/2021\/11\/Answer-EN.png?resize=500%2C281&amp;ssl=1 500w, https:\/\/i0.wp.com\/throdi.app\/wp-content\/uploads\/2021\/11\/Answer-EN.png?resize=800%2C450&amp;ssl=1 800w, https:\/\/i0.wp.com\/throdi.app\/wp-content\/uploads\/2021\/11\/Answer-EN.png?resize=1280%2C720&amp;ssl=1 1280w, https:\/\/i0.wp.com\/throdi.app\/wp-content\/uploads\/2021\/11\/Answer-EN.png?resize=1200%2C675&amp;ssl=1 1200w, https:\/\/i0.wp.com\/throdi.app\/wp-content\/uploads\/2021\/11\/Answer-EN.png?w=1920&amp;ssl=1 1920w\" sizes=\"(max-width: 1024px) 100vw, 1024px\" \/><\/a><\/figure>\n<p class=\"wp-block-paragraph\" style=\"font-size:20px\"><a href=\"https:\/\/throdi.app\/fr\/?page_id=27172\" target=\"_blank\" rel=\"noreferrer noopener\">Contactez-nous pour plus, nous serons heureux de vous aider.<\/a><\/p>\n","protected":false},"excerpt":{"rendered":"<p>Review EXTERNALISEZ LES R\u00c9PONSES \u00c0 VOS AVIS\u00c0 UNE \u00c9QUIPE QUI LES TRANSFORME EN VENTE ! Au moment du d\u00e9part, les clients peuvent choisir volontairement d&rsquo;\u00e9valuer leur s\u00e9jour via l&rsquo;APPLI.Le questionnaire est cr\u00e9\u00e9 par l&rsquo;h\u00f4telier et est personnalisable \u00e0 tout moment. Voici les diff\u00e9rentes possibilit\u00e9s de questions : Questions r\u00e9pondues. Par d\u00e9faut, vous pouvez prendre des &#8230; <a title=\"Review\" class=\"read-more\" href=\"https:\/\/throdi.app\/fr\/revoir\/\" aria-label=\"Plus sur Review\">Read more<\/a><\/p>\n","protected":false},"author":1,"featured_media":0,"parent":0,"menu_order":0,"comment_status":"closed","ping_status":"closed","template":"","meta":{"_coblocks_attr":"","_coblocks_dimensions":"","_coblocks_responsive_height":"","_coblocks_accordion_ie_support":"","_crdt_document":"","_uag_custom_page_level_css":"","advanced_seo_description":"","jetpack_seo_html_title":"","jetpack_seo_noindex":false,"generate_page_header":"","footnotes":""},"class_list":["post-27007","page","type-page","status-publish"],"uagb_featured_image_src":{"full":false,"thumbnail":false,"medium":false,"medium_large":false,"large":false,"1536x1536":false,"2048x2048":false,"newspack-article-block-landscape-large":false,"newspack-article-block-portrait-large":false,"newspack-article-block-square-large":false,"newspack-article-block-landscape-medium":false,"newspack-article-block-portrait-medium":false,"newspack-article-block-square-medium":false,"newspack-article-block-landscape-intermediate":false,"newspack-article-block-portrait-intermediate":false,"newspack-article-block-square-intermediate":false,"newspack-article-block-landscape-small":false,"newspack-article-block-portrait-small":false,"newspack-article-block-square-small":false,"newspack-article-block-landscape-tiny":false,"newspack-article-block-portrait-tiny":false,"newspack-article-block-square-tiny":false,"newspack-article-block-uncropped":false,"awb_sm":false,"awb_md":false,"awb_lg":false,"awb_xl":false},"uagb_author_info":{"display_name":"Throdi app.","author_link":"https:\/\/throdi.app\/fr\/author\/throdihotel1\/"},"uagb_comment_info":0,"uagb_excerpt":"Review EXTERNALISEZ LES R\u00c9PONSES \u00c0 VOS AVIS\u00c0 UNE \u00c9QUIPE QUI LES TRANSFORME EN VENTE ! Au moment du d\u00e9part, les clients peuvent choisir volontairement d&rsquo;\u00e9valuer leur s\u00e9jour via l&rsquo;APPLI.Le questionnaire est cr\u00e9\u00e9 par l&rsquo;h\u00f4telier et est personnalisable \u00e0 tout moment. Voici les diff\u00e9rentes possibilit\u00e9s de questions : Questions r\u00e9pondues. Par d\u00e9faut, vous pouvez prendre des\u2026","jetpack_sharing_enabled":true,"jetpack_shortlink":"https:\/\/wp.me\/P9oaIP-71B","jetpack_likes_enabled":true,"amp_enabled":true,"_links":{"self":[{"href":"https:\/\/throdi.app\/fr\/wp-json\/wp\/v2\/pages\/27007","targetHints":{"allow":["GET"]}}],"collection":[{"href":"https:\/\/throdi.app\/fr\/wp-json\/wp\/v2\/pages"}],"about":[{"href":"https:\/\/throdi.app\/fr\/wp-json\/wp\/v2\/types\/page"}],"author":[{"embeddable":true,"href":"https:\/\/throdi.app\/fr\/wp-json\/wp\/v2\/users\/1"}],"replies":[{"embeddable":true,"href":"https:\/\/throdi.app\/fr\/wp-json\/wp\/v2\/comments?post=27007"}],"version-history":[{"count":19,"href":"https:\/\/throdi.app\/fr\/wp-json\/wp\/v2\/pages\/27007\/revisions"}],"predecessor-version":[{"id":27204,"href":"https:\/\/throdi.app\/fr\/wp-json\/wp\/v2\/pages\/27007\/revisions\/27204"}],"wp:attachment":[{"href":"https:\/\/throdi.app\/fr\/wp-json\/wp\/v2\/media?parent=27007"}],"curies":[{"name":"wp","href":"https:\/\/api.w.org\/{rel}","templated":true}]}}